{"id":170,"date":"2018-11-26T10:00:14","date_gmt":"2018-11-26T15:00:14","guid":{"rendered":"http:\/\/192.168.231.90\/bandesarrollo\/?page_id=170"},"modified":"2025-03-26T09:19:52","modified_gmt":"2025-03-26T14:19:52","slug":"indicadores-de-gobierno-corporativo","status":"publish","type":"page","link":"https:\/\/www.bancodesarrollo.fin.ec\/index.php\/indicadores-de-gobierno-corporativo\/","title":{"rendered":"Indicadores de Gobierno Corporativo"},"content":{"rendered":"<p>[et_pb_section fb_built=\u00bb1&#8243; _builder_version=\u00bb3.22&#8243; background_color=\u00bb#ffffff\u00bb custom_padding=\u00bb0|0px|0|0px|false|false\u00bb][et_pb_row _builder_version=\u00bb3.25&#8243;][et_pb_column type=\u00bb4_4&#8243; _builder_version=\u00bb3.25&#8243; custom_padding=\u00bb|||\u00bb custom_padding__hover=\u00bb|||\u00bb][et_pb_text _builder_version=\u00bb3.27.4&#8243; header_font=\u00bbPoppins||||||||\u00bb header_text_color=\u00bb#ffffff\u00bb background_color=\u00bb#0073c0&#8243; max_width=\u00bb62%\u00bb module_alignment=\u00bbcenter\u00bb custom_padding=\u00bb4px||\u00bb]<\/p>\n<h1 style=\"text-align: center;\">INDICADORES DE GOBIERNO CORPORATIVO<\/h1>\n<p>[\/et_pb_text][\/et_pb_column][\/et_pb_row][\/et_pb_section][et_pb_section fb_built=\u00bb1&#8243; _builder_version=\u00bb3.22&#8243; background_color=\u00bb#ffffff\u00bb custom_padding=\u00bb0px|0px|5px|0px|false|false\u00bb][et_pb_row _builder_version=\u00bb3.25&#8243;][et_pb_column type=\u00bb4_4&#8243; _builder_version=\u00bb3.25&#8243; custom_padding=\u00bb|||\u00bb custom_padding__hover=\u00bb|||\u00bb][et_pb_text _builder_version=\u00bb4.0.5&#8243; text_font=\u00bbPoppins||||||||\u00bb text_line_height=\u00bb1.8em\u00bb hover_enabled=\u00bb0&#8243;]<\/p>\n<ol>\n<li><a href=\"https:\/\/www.bancodesarrollo.fin.ec\/wp-content\/uploads\/2025\/03\/Conformacion_capital_2024.pdf\" target=\"_blank\" rel=\"noopener noreferrer\">Conformaci\u00f3n del Capital y Participaci\u00f3n en la Junta General de Accionistas<\/a><\/li>\n<li><a href=\"https:\/\/www.bancodesarrollo.fin.ec\/wp-content\/uploads\/2025\/03\/Informacion_Directorio_2024.pdf\" target=\"_blank\" rel=\"noopener noreferrer\">Informaci\u00f3n del Directorio<\/a><\/li>\n<li><a href=\"https:\/\/www.bancodesarrollo.fin.ec\/wp-content\/uploads\/2025\/03\/Informacion_sobre_Directorio_2024.pdf\" target=\"_blank\" rel=\"noopener noreferrer\">Informaci\u00f3n sobre el Directorio<\/a><\/li>\n<li><a href=\"https:\/\/www.bancodesarrollo.fin.ec\/wp-content\/uploads\/2025\/03\/Equipo_Gerencial_2024.pdf\" target=\"_blank\" rel=\"noopener noreferrer\">Informaci\u00f3n sobre el Equipo Gerencial<\/a><\/li>\n<li><a href=\"https:\/\/www.bancodesarrollo.fin.ec\/wp-content\/uploads\/2025\/03\/Informacion_Laboral_2024.pdf\" target=\"_blank\" rel=\"noopener noreferrer\">Informaci\u00f3n Laboral<\/a><\/li>\n<\/ol>\n<p>[\/et_pb_text][\/et_pb_column][\/et_pb_row][\/et_pb_section][et_pb_section fb_built=\u00bb1&#8243; admin_label=\u00bbSection\u00bb _builder_version=\u00bb3.22&#8243; background_color=\u00bb#ededed\u00bb custom_padding=\u00bb0px||0px|\u00bb transparent_background=\u00bboff\u00bb padding_mobile=\u00bbon\u00bb global_module=\u00bb3916&#8243; collapsed=\u00bbon\u00bb][\/et_pb_section]<\/p>\n","protected":false},"excerpt":{"rendered":"<p>[et_pb_section fb_built=\u00bb1&#8243; _builder_version=\u00bb3.22&#8243; background_color=\u00bb#ffffff\u00bb custom_padding=\u00bb0|0px|0|0px|false|false\u00bb][et_pb_row _builder_version=\u00bb3.25&#8243;][et_pb_column type=\u00bb4_4&#8243; _builder_version=\u00bb3.25&#8243; custom_padding=\u00bb|||\u00bb custom_padding__hover=\u00bb|||\u00bb][et_pb_text _builder_version=\u00bb3.27.4&#8243; header_font=\u00bbPoppins||||||||\u00bb header_text_color=\u00bb#ffffff\u00bb background_color=\u00bb#0073c0&#8243; max_width=\u00bb62%\u00bb module_alignment=\u00bbcenter\u00bb custom_padding=\u00bb4px||\u00bb] INDICADORES DE GOBIERNO CORPORATIVO [\/et_pb_text][\/et_pb_column][\/et_pb_row][\/et_pb_section][et_pb_section fb_built=\u00bb1&#8243; _builder_version=\u00bb3.22&#8243; background_color=\u00bb#ffffff\u00bb custom_padding=\u00bb0px|0px|5px|0px|false|false\u00bb][et_pb_row _builder_version=\u00bb3.25&#8243;][et_pb_column type=\u00bb4_4&#8243; _builder_version=\u00bb3.25&#8243; custom_padding=\u00bb|||\u00bb custom_padding__hover=\u00bb|||\u00bb][et_pb_text _builder_version=\u00bb4.0.5&#8243; text_font=\u00bbPoppins||||||||\u00bb text_line_height=\u00bb1.8em\u00bb hover_enabled=\u00bb0&#8243;] Conformaci\u00f3n del Capital y Participaci\u00f3n en la Junta General de Accionistas Informaci\u00f3n del Directorio Informaci\u00f3n sobre el Directorio Informaci\u00f3n sobre [&hellip;]<\/p>\n","protected":false},"author":1,"featured_media":0,"parent":0,"menu_order":0,"comment_status":"closed","ping_status":"closed","template":"","meta":{"_et_pb_use_builder":"on","_et_pb_old_content":"","_joinchat":[],"footnotes":""},"class_list":["post-170","page","type-page","status-publish","hentry"],"yoast_head":"<!-- This site is optimized with the Yoast SEO plugin v26.6 - https:\/\/yoast.com\/wordpress\/plugins\/seo\/ -->\n<title>Indicadores de Gobierno Corporativo - Banco Desarrollo de los Pueblos<\/title>\n<meta name=\"robots\" content=\"index, follow, max-snippet:-1, max-image-preview:large, max-video-preview:-1\" \/>\n<link rel=\"canonical\" href=\"https:\/\/www.bancodesarrollo.fin.ec\/index.php\/indicadores-de-gobierno-corporativo\/\" \/>\n<meta property=\"og:locale\" content=\"es_ES\" \/>\n<meta property=\"og:type\" content=\"article\" \/>\n<meta property=\"og:title\" content=\"Indicadores de Gobierno Corporativo - Banco Desarrollo de los Pueblos\" \/>\n<meta property=\"og:description\" content=\"[et_pb_section fb_built=\u00bb1&#8243; _builder_version=\u00bb3.22&#8243; background_color=\u00bb#ffffff\u00bb custom_padding=\u00bb0|0px|0|0px|false|false\u00bb][et_pb_row _builder_version=\u00bb3.25&#8243;][et_pb_column type=\u00bb4_4&#8243; _builder_version=\u00bb3.25&#8243; custom_padding=\u00bb|||\u00bb custom_padding__hover=\u00bb|||\u00bb][et_pb_text _builder_version=\u00bb3.27.4&#8243; header_font=\u00bbPoppins||||||||\u00bb header_text_color=\u00bb#ffffff\u00bb background_color=\u00bb#0073c0&#8243; max_width=\u00bb62%\u00bb module_alignment=\u00bbcenter\u00bb custom_padding=\u00bb4px||\u00bb] INDICADORES DE GOBIERNO CORPORATIVO [\/et_pb_text][\/et_pb_column][\/et_pb_row][\/et_pb_section][et_pb_section fb_built=\u00bb1&#8243; _builder_version=\u00bb3.22&#8243; background_color=\u00bb#ffffff\u00bb custom_padding=\u00bb0px|0px|5px|0px|false|false\u00bb][et_pb_row _builder_version=\u00bb3.25&#8243;][et_pb_column type=\u00bb4_4&#8243; _builder_version=\u00bb3.25&#8243; custom_padding=\u00bb|||\u00bb custom_padding__hover=\u00bb|||\u00bb][et_pb_text _builder_version=\u00bb4.0.5&#8243; text_font=\u00bbPoppins||||||||\u00bb text_line_height=\u00bb1.8em\u00bb hover_enabled=\u00bb0&#8243;] Conformaci\u00f3n del Capital y Participaci\u00f3n en la Junta General de Accionistas Informaci\u00f3n del Directorio Informaci\u00f3n sobre el Directorio Informaci\u00f3n sobre [&hellip;]\" \/>\n<meta property=\"og:url\" content=\"https:\/\/www.bancodesarrollo.fin.ec\/index.php\/indicadores-de-gobierno-corporativo\/\" \/>\n<meta property=\"og:site_name\" content=\"Banco Desarrollo de los Pueblos\" \/>\n<meta property=\"article:modified_time\" content=\"2025-03-26T14:19:52+00:00\" \/>\n<meta name=\"twitter:card\" content=\"summary_large_image\" \/>\n<meta name=\"twitter:label1\" content=\"Tiempo de lectura\" \/>\n\t<meta name=\"twitter:data1\" content=\"1 minuto\" \/>\n<script type=\"application\/ld+json\" class=\"yoast-schema-graph\">{\"@context\":\"https:\/\/schema.org\",\"@graph\":[{\"@type\":\"WebPage\",\"@id\":\"https:\/\/www.bancodesarrollo.fin.ec\/index.php\/indicadores-de-gobierno-corporativo\/\",\"url\":\"https:\/\/www.bancodesarrollo.fin.ec\/index.php\/indicadores-de-gobierno-corporativo\/\",\"name\":\"Indicadores de Gobierno Corporativo - Banco Desarrollo de los Pueblos\",\"isPartOf\":{\"@id\":\"https:\/\/www.bancodesarrollo.fin.ec\/#website\"},\"datePublished\":\"2018-11-26T15:00:14+00:00\",\"dateModified\":\"2025-03-26T14:19:52+00:00\",\"breadcrumb\":{\"@id\":\"https:\/\/www.bancodesarrollo.fin.ec\/index.php\/indicadores-de-gobierno-corporativo\/#breadcrumb\"},\"inLanguage\":\"es\",\"potentialAction\":[{\"@type\":\"ReadAction\",\"target\":[\"https:\/\/www.bancodesarrollo.fin.ec\/index.php\/indicadores-de-gobierno-corporativo\/\"]}]},{\"@type\":\"BreadcrumbList\",\"@id\":\"https:\/\/www.bancodesarrollo.fin.ec\/index.php\/indicadores-de-gobierno-corporativo\/#breadcrumb\",\"itemListElement\":[{\"@type\":\"ListItem\",\"position\":1,\"name\":\"Portada\",\"item\":\"https:\/\/www.bancodesarrollo.fin.ec\/\"},{\"@type\":\"ListItem\",\"position\":2,\"name\":\"Indicadores de Gobierno Corporativo\"}]},{\"@type\":\"WebSite\",\"@id\":\"https:\/\/www.bancodesarrollo.fin.ec\/#website\",\"url\":\"https:\/\/www.bancodesarrollo.fin.ec\/\",\"name\":\"Banco Desarrollo de los Pueblos\",\"description\":\"CODESA\",\"potentialAction\":[{\"@type\":\"SearchAction\",\"target\":{\"@type\":\"EntryPoint\",\"urlTemplate\":\"https:\/\/www.bancodesarrollo.fin.ec\/?s={search_term_string}\"},\"query-input\":{\"@type\":\"PropertyValueSpecification\",\"valueRequired\":true,\"valueName\":\"search_term_string\"}}],\"inLanguage\":\"es\"}]}<\/script>\n<!-- \/ Yoast SEO plugin. -->","yoast_head_json":{"title":"Indicadores de Gobierno Corporativo - Banco Desarrollo de los Pueblos","robots":{"index":"index","follow":"follow","max-snippet":"max-snippet:-1","max-image-preview":"max-image-preview:large","max-video-preview":"max-video-preview:-1"},"canonical":"https:\/\/www.bancodesarrollo.fin.ec\/index.php\/indicadores-de-gobierno-corporativo\/","og_locale":"es_ES","og_type":"article","og_title":"Indicadores de Gobierno Corporativo - Banco Desarrollo de los Pueblos","og_description":"[et_pb_section fb_built=\u00bb1&#8243; _builder_version=\u00bb3.22&#8243; background_color=\u00bb#ffffff\u00bb custom_padding=\u00bb0|0px|0|0px|false|false\u00bb][et_pb_row _builder_version=\u00bb3.25&#8243;][et_pb_column type=\u00bb4_4&#8243; _builder_version=\u00bb3.25&#8243; custom_padding=\u00bb|||\u00bb custom_padding__hover=\u00bb|||\u00bb][et_pb_text _builder_version=\u00bb3.27.4&#8243; header_font=\u00bbPoppins||||||||\u00bb header_text_color=\u00bb#ffffff\u00bb background_color=\u00bb#0073c0&#8243; max_width=\u00bb62%\u00bb module_alignment=\u00bbcenter\u00bb custom_padding=\u00bb4px||\u00bb] INDICADORES DE GOBIERNO CORPORATIVO [\/et_pb_text][\/et_pb_column][\/et_pb_row][\/et_pb_section][et_pb_section fb_built=\u00bb1&#8243; _builder_version=\u00bb3.22&#8243; background_color=\u00bb#ffffff\u00bb custom_padding=\u00bb0px|0px|5px|0px|false|false\u00bb][et_pb_row _builder_version=\u00bb3.25&#8243;][et_pb_column type=\u00bb4_4&#8243; _builder_version=\u00bb3.25&#8243; custom_padding=\u00bb|||\u00bb custom_padding__hover=\u00bb|||\u00bb][et_pb_text _builder_version=\u00bb4.0.5&#8243; text_font=\u00bbPoppins||||||||\u00bb text_line_height=\u00bb1.8em\u00bb hover_enabled=\u00bb0&#8243;] Conformaci\u00f3n del Capital y Participaci\u00f3n en la Junta General de Accionistas Informaci\u00f3n del Directorio Informaci\u00f3n sobre el Directorio Informaci\u00f3n sobre [&hellip;]","og_url":"https:\/\/www.bancodesarrollo.fin.ec\/index.php\/indicadores-de-gobierno-corporativo\/","og_site_name":"Banco Desarrollo de los Pueblos","article_modified_time":"2025-03-26T14:19:52+00:00","twitter_card":"summary_large_image","twitter_misc":{"Tiempo de lectura":"1 minuto"},"schema":{"@context":"https:\/\/schema.org","@graph":[{"@type":"WebPage","@id":"https:\/\/www.bancodesarrollo.fin.ec\/index.php\/indicadores-de-gobierno-corporativo\/","url":"https:\/\/www.bancodesarrollo.fin.ec\/index.php\/indicadores-de-gobierno-corporativo\/","name":"Indicadores de Gobierno Corporativo - Banco Desarrollo de los Pueblos","isPartOf":{"@id":"https:\/\/www.bancodesarrollo.fin.ec\/#website"},"datePublished":"2018-11-26T15:00:14+00:00","dateModified":"2025-03-26T14:19:52+00:00","breadcrumb":{"@id":"https:\/\/www.bancodesarrollo.fin.ec\/index.php\/indicadores-de-gobierno-corporativo\/#breadcrumb"},"inLanguage":"es","potentialAction":[{"@type":"ReadAction","target":["https:\/\/www.bancodesarrollo.fin.ec\/index.php\/indicadores-de-gobierno-corporativo\/"]}]},{"@type":"BreadcrumbList","@id":"https:\/\/www.bancodesarrollo.fin.ec\/index.php\/indicadores-de-gobierno-corporativo\/#breadcrumb","itemListElement":[{"@type":"ListItem","position":1,"name":"Portada","item":"https:\/\/www.bancodesarrollo.fin.ec\/"},{"@type":"ListItem","position":2,"name":"Indicadores de Gobierno Corporativo"}]},{"@type":"WebSite","@id":"https:\/\/www.bancodesarrollo.fin.ec\/#website","url":"https:\/\/www.bancodesarrollo.fin.ec\/","name":"Banco Desarrollo de los Pueblos","description":"CODESA","potentialAction":[{"@type":"SearchAction","target":{"@type":"EntryPoint","urlTemplate":"https:\/\/www.bancodesarrollo.fin.ec\/?s={search_term_string}"},"query-input":{"@type":"PropertyValueSpecification","valueRequired":true,"valueName":"search_term_string"}}],"inLanguage":"es"}]}},"_links":{"self":[{"href":"https:\/\/www.bancodesarrollo.fin.ec\/index.php\/wp-json\/wp\/v2\/pages\/170","targetHints":{"allow":["GET"]}}],"collection":[{"href":"https:\/\/www.bancodesarrollo.fin.ec\/index.php\/wp-json\/wp\/v2\/pages"}],"about":[{"href":"https:\/\/www.bancodesarrollo.fin.ec\/index.php\/wp-json\/wp\/v2\/types\/page"}],"author":[{"embeddable":true,"href":"https:\/\/www.bancodesarrollo.fin.ec\/index.php\/wp-json\/wp\/v2\/users\/1"}],"replies":[{"embeddable":true,"href":"https:\/\/www.bancodesarrollo.fin.ec\/index.php\/wp-json\/wp\/v2\/comments?post=170"}],"version-history":[{"count":18,"href":"https:\/\/www.bancodesarrollo.fin.ec\/index.php\/wp-json\/wp\/v2\/pages\/170\/revisions"}],"predecessor-version":[{"id":8085,"href":"https:\/\/www.bancodesarrollo.fin.ec\/index.php\/wp-json\/wp\/v2\/pages\/170\/revisions\/8085"}],"wp:attachment":[{"href":"https:\/\/www.bancodesarrollo.fin.ec\/index.php\/wp-json\/wp\/v2\/media?parent=170"}],"curies":[{"name":"wp","href":"https:\/\/api.w.org\/{rel}","templated":true}]}}