{"id":184,"date":"2018-11-26T10:16:36","date_gmt":"2018-11-26T15:16:36","guid":{"rendered":"http:\/\/192.168.231.90\/bandesarrollo\/?page_id=184"},"modified":"2025-12-31T09:50:02","modified_gmt":"2025-12-31T14:50:02","slug":"reclamos","status":"publish","type":"page","link":"https:\/\/www.bancodesarrollo.fin.ec\/index.php\/reclamos\/","title":{"rendered":"Reclamos"},"content":{"rendered":"<p>[et_pb_section fb_built=\u00bb1&#8243; _builder_version=\u00bb4.0.5&#8243;][et_pb_row _builder_version=\u00bb4.0.5&#8243;][et_pb_column type=\u00bb4_4&#8243; _builder_version=\u00bb4.0.5&#8243;][et_pb_text _builder_version=\u00bb4.0.5&#8243; header_2_font=\u00bbMontserrat||||||||\u00bb]<\/p>\n<h2 style=\"text-align: center;\"><strong>Unidad de Atenci\u00f3n al Usuario Financiero<\/strong><\/h2>\n<p>[\/et_pb_text][\/et_pb_column][\/et_pb_row][et_pb_row _builder_version=\u00bb4.0.5&#8243;][et_pb_column type=\u00bb4_4&#8243; _builder_version=\u00bb4.0.5&#8243;][et_pb_text _builder_version=\u00bb4.0.5&#8243; text_font=\u00bbPoppins||||||||\u00bb text_text_color=\u00bb#000000&#8243; link_text_color=\u00bb#000000&#8243;]<\/p>\n<p><strong>Responsable:<\/strong> Lcda. Susana Carrera<\/p>\n<p><strong>Direcci\u00f3n:<\/strong> Calle Ladr\u00f3n de Guevara E13-408 y Barcelona. Sector la Floresta, Quito &#8211; Ecuador<\/p>\n<p><strong>Tel\u00e9fonos:<\/strong> (02) 2547 978 \/ (02) 2236 596 Ext. 329<\/p>\n<p><strong>E-mail:<\/strong>\u00a0<a href=\"mailto:reclamos@bancodesarrollo.fin.ec\">reclamos@bancodesarrollo.fin.ec<\/a><\/p>\n<p>[\/et_pb_text][\/et_pb_column][\/et_pb_row][et_pb_row _builder_version=\u00bb4.0.5&#8243;][et_pb_column type=\u00bb4_4&#8243; _builder_version=\u00bb4.0.5&#8243;][et_pb_text _builder_version=\u00bb4.0.5&#8243; header_2_font=\u00bbMontserrat||||||||\u00bb]<\/p>\n<h2 style=\"text-align: center;\"><strong>Defensor del Cliente<\/strong><\/h2>\n<p>[\/et_pb_text][et_pb_text _builder_version=\u00bb4.0.5&#8243; text_font=\u00bbPoppins||||||||\u00bb text_text_color=\u00bb#000000&#8243; link_text_color=\u00bb#000000&#8243; hover_enabled=\u00bb0&#8243;]<\/p>\n<p><strong>Responsable:<\/strong> Mgtr.\u00a0<span data-teams=\"true\">Jacqueline Ramos Guill\u00e9n<\/span><\/p>\n<p><strong>Direcci\u00f3n:<\/strong> Calle Ladr\u00f3n de Guevara E13-408 y Barcelona. <span data-olk-copy-source=\"MessageBody\">Edf. Codesarrollo, 1er piso.\u00a0<\/span>Sector la Floresta, Quito &#8211; Ecuador<\/p>\n<p><strong>Tel\u00e9fonos:<\/strong> (02) 2547 978 \/ (02) 2236 596 Ext. 224<\/p>\n<p><strong>E-mail:\u00a0<\/strong><a href=\"mailto:bancodesarrollodc@superbancos.gob.ec\">bancodesarrollodc@superbancos.gob.ec<\/a><\/p>\n<p><span>Funcionaria calificada por la Superintendencia de Bancos del Ecuador<\/span><\/p>\n<p>[\/et_pb_text][\/et_pb_column][\/et_pb_row][et_pb_row column_structure=\u00bb1_2,1_2&#8243; _builder_version=\u00bb4.0.5&#8243;][et_pb_column type=\u00bb1_2&#8243; _builder_version=\u00bb4.0.5&#8243;][et_pb_button button_url=\u00bbhttps:\/\/www.bancodesarrollo.fin.ec\/wp-content\/uploads\/2025\/12\/Reclamos.pdf\u00bb url_new_window=\u00bbon\u00bb button_text=\u00bb      Formulario de reclamos PDF\u00bb button_alignment=\u00bbcenter\u00bb _builder_version=\u00bb4.0.5&#8243; custom_button=\u00bbon\u00bb button_text_color=\u00bb#ffffff\u00bb button_bg_color=\u00bb#0c71c3&#8243; button_border_width=\u00bb2px\u00bb button_border_radius=\u00bb6px\u00bb button_font=\u00bbPoppins||||||||\u00bb button_icon=\u00bb%%24%%\u00bb][\/et_pb_button][\/et_pb_column][et_pb_column type=\u00bb1_2&#8243; _builder_version=\u00bb4.0.5&#8243;][et_pb_button button_url=\u00bbhttps:\/\/www.bancodesarrollo.fin.ec\/wp-content\/uploads\/2020\/08\/INSTRUCTIVO-DE-CONSULTAS-QUEJAS-Y-RECLAMOS-CONSUMIDOR-FINANCIERODEFINITIVO.pdf\u00bb url_new_window=\u00bbon\u00bb button_text=\u00bbInstructivo para llenar formulario de reclamos\u00bb button_alignment=\u00bbcenter\u00bb _builder_version=\u00bb4.0.5&#8243; custom_button=\u00bbon\u00bb button_text_color=\u00bb#ffffff\u00bb button_bg_color=\u00bb#0c71c3&#8243; button_border_width=\u00bb2px\u00bb button_border_radius=\u00bb6px\u00bb button_font=\u00bbPoppins||||||||\u00bb button_icon=\u00bb%%24%%\u00bb][\/et_pb_button][\/et_pb_column][\/et_pb_row][et_pb_row _builder_version=\u00bb4.0.5&#8243;][et_pb_column type=\u00bb4_4&#8243; _builder_version=\u00bb4.0.5&#8243;][et_pb_button button_url=\u00bbhttps:\/\/www.bancodesarrollo.fin.ec\/wp-content\/uploads\/2023\/06\/FORMULARIO-RECLAMOS-DEFENSOR-DEL-CLIENTE-2019.xlsx\u00bb url_new_window=\u00bbon\u00bb button_text=\u00bb      Formulario de reclamos Defensor del Cliente\u00bb button_alignment=\u00bbcenter\u00bb _builder_version=\u00bb4.0.5&#8243; custom_button=\u00bbon\u00bb button_text_color=\u00bb#ffffff\u00bb button_bg_color=\u00bb#0c71c3&#8243; button_border_width=\u00bb2px\u00bb button_border_radius=\u00bb6px\u00bb button_font=\u00bbPoppins||||||||\u00bb button_icon=\u00bb%%24%%\u00bb][\/et_pb_button][\/et_pb_column][\/et_pb_row][et_pb_row _builder_version=\u00bb4.0.5&#8243;][et_pb_column type=\u00bb4_4&#8243; _builder_version=\u00bb4.0.5&#8243;][et_pb_accordion _builder_version=\u00bb4.0.5&#8243;][et_pb_accordion_item title=\u00bbServicios que presta el Defensor del Cliente\u00bb open=\u00bbon\u00bb _builder_version=\u00bb4.0.5&#8243; toggle_font=\u00bbPoppins||||||||\u00bb toggle_text_align=\u00bbcenter\u00bb toggle_font_size=\u00bb20px\u00bb]<\/p>\n<p style=\"text-align: justify;\">Atender a los\u00a0clientes y usuarios financieros personalmente, por v\u00eda\u00a0telef\u00f3nica, video conferencia o medios electr\u00f3nicos y receptar los reclamos o documentos de manera personal, por correo convencional o electr\u00f3nico.<\/p>\n<p>[\/et_pb_accordion_item][\/et_pb_accordion][et_pb_accordion _builder_version=\u00bb4.0.5&#8243;][et_pb_accordion_item title=\u00bb Modalidad de trabajo\u00bb open=\u00bbon\u00bb _builder_version=\u00bb4.0.5&#8243; toggle_level=\u00bbh5&#8243; toggle_font=\u00bbPoppins||||||||\u00bb toggle_text_align=\u00bbcenter\u00bb toggle_font_size=\u00bb20px\u00bb]<\/p>\n<p style=\"text-align: justify;\"><span>Trabajo presencial, con las medidas de bioseguridad requeridas.<\/span><\/p>\n<p>[\/et_pb_accordion_item][\/et_pb_accordion][et_pb_accordion _builder_version=\u00bb4.0.5&#8243;][et_pb_accordion_item title=\u00bbPlan de contingencia ante emergencia sanitaria COVID-19&#8243; open=\u00bbon\u00bb _builder_version=\u00bb4.0.5&#8243; toggle_font=\u00bbPoppins||||||||\u00bb toggle_text_align=\u00bbcenter\u00bb toggle_font_size=\u00bb20px\u00bb]<\/p>\n<p style=\"text-align: justify;\">Banco Codesarrollo ha habilitado en su sitio web, los contactos del\u00a0defensor\u00a0del\u00a0cliente\u00a0y responsable de atenci\u00f3n al usuario financiero para recibir cualquier reclamo o documento del usuario financiero.<\/p>\n<p>[\/et_pb_accordion_item][\/et_pb_accordion][\/et_pb_column][\/et_pb_row][\/et_pb_section]<\/p>\n","protected":false},"excerpt":{"rendered":"<p>[et_pb_section fb_built=\u00bb1&#8243; _builder_version=\u00bb4.0.5&#8243;][et_pb_row _builder_version=\u00bb4.0.5&#8243;][et_pb_column type=\u00bb4_4&#8243; _builder_version=\u00bb4.0.5&#8243;][et_pb_text _builder_version=\u00bb4.0.5&#8243; header_2_font=\u00bbMontserrat||||||||\u00bb] Unidad de Atenci\u00f3n al Usuario Financiero [\/et_pb_text][\/et_pb_column][\/et_pb_row][et_pb_row _builder_version=\u00bb4.0.5&#8243;][et_pb_column type=\u00bb4_4&#8243; _builder_version=\u00bb4.0.5&#8243;][et_pb_text _builder_version=\u00bb4.0.5&#8243; text_font=\u00bbPoppins||||||||\u00bb text_text_color=\u00bb#000000&#8243; link_text_color=\u00bb#000000&#8243;] Responsable: Lcda. Susana Carrera Direcci\u00f3n: Calle Ladr\u00f3n de Guevara E13-408 y Barcelona. Sector la Floresta, Quito &#8211; Ecuador Tel\u00e9fonos: (02) 2547 978 \/ (02) 2236 596 Ext. 329 E-mail:\u00a0reclamos@bancodesarrollo.fin.ec [\/et_pb_text][\/et_pb_column][\/et_pb_row][et_pb_row _builder_version=\u00bb4.0.5&#8243;][et_pb_column type=\u00bb4_4&#8243; _builder_version=\u00bb4.0.5&#8243;][et_pb_text [&hellip;]<\/p>\n","protected":false},"author":1,"featured_media":0,"parent":0,"menu_order":0,"comment_status":"closed","ping_status":"closed","template":"","meta":{"_et_pb_use_builder":"on","_et_pb_old_content":"","_joinchat":[],"footnotes":""},"class_list":["post-184","page","type-page","status-publish","hentry"],"yoast_head":"<!-- This site is optimized with the Yoast SEO plugin v26.6 - https:\/\/yoast.com\/wordpress\/plugins\/seo\/ -->\n<title>Reclamos - Banco Desarrollo de los Pueblos<\/title>\n<meta name=\"robots\" content=\"index, follow, max-snippet:-1, max-image-preview:large, max-video-preview:-1\" \/>\n<link rel=\"canonical\" href=\"https:\/\/www.bancodesarrollo.fin.ec\/index.php\/reclamos\/\" \/>\n<meta property=\"og:locale\" content=\"es_ES\" \/>\n<meta property=\"og:type\" content=\"article\" \/>\n<meta property=\"og:title\" content=\"Reclamos - Banco Desarrollo de los Pueblos\" \/>\n<meta property=\"og:description\" content=\"[et_pb_section fb_built=\u00bb1&#8243; _builder_version=\u00bb4.0.5&#8243;][et_pb_row _builder_version=\u00bb4.0.5&#8243;][et_pb_column type=\u00bb4_4&#8243; _builder_version=\u00bb4.0.5&#8243;][et_pb_text _builder_version=\u00bb4.0.5&#8243; header_2_font=\u00bbMontserrat||||||||\u00bb] Unidad de Atenci\u00f3n al Usuario Financiero [\/et_pb_text][\/et_pb_column][\/et_pb_row][et_pb_row _builder_version=\u00bb4.0.5&#8243;][et_pb_column type=\u00bb4_4&#8243; _builder_version=\u00bb4.0.5&#8243;][et_pb_text _builder_version=\u00bb4.0.5&#8243; text_font=\u00bbPoppins||||||||\u00bb text_text_color=\u00bb#000000&#8243; link_text_color=\u00bb#000000&#8243;] Responsable: Lcda. Susana Carrera Direcci\u00f3n: Calle Ladr\u00f3n de Guevara E13-408 y Barcelona. Sector la Floresta, Quito &#8211; Ecuador Tel\u00e9fonos: (02) 2547 978 \/ (02) 2236 596 Ext. 329 E-mail:\u00a0reclamos@bancodesarrollo.fin.ec [\/et_pb_text][\/et_pb_column][\/et_pb_row][et_pb_row _builder_version=\u00bb4.0.5&#8243;][et_pb_column type=\u00bb4_4&#8243; _builder_version=\u00bb4.0.5&#8243;][et_pb_text [&hellip;]\" \/>\n<meta property=\"og:url\" content=\"https:\/\/www.bancodesarrollo.fin.ec\/index.php\/reclamos\/\" \/>\n<meta property=\"og:site_name\" content=\"Banco Desarrollo de los Pueblos\" \/>\n<meta property=\"article:modified_time\" content=\"2025-12-31T14:50:02+00:00\" \/>\n<meta name=\"twitter:card\" content=\"summary_large_image\" \/>\n<meta name=\"twitter:label1\" content=\"Tiempo de lectura\" \/>\n\t<meta name=\"twitter:data1\" content=\"3 minutos\" \/>\n<script type=\"application\/ld+json\" class=\"yoast-schema-graph\">{\"@context\":\"https:\/\/schema.org\",\"@graph\":[{\"@type\":\"WebPage\",\"@id\":\"https:\/\/www.bancodesarrollo.fin.ec\/index.php\/reclamos\/\",\"url\":\"https:\/\/www.bancodesarrollo.fin.ec\/index.php\/reclamos\/\",\"name\":\"Reclamos - Banco Desarrollo de los Pueblos\",\"isPartOf\":{\"@id\":\"https:\/\/www.bancodesarrollo.fin.ec\/#website\"},\"datePublished\":\"2018-11-26T15:16:36+00:00\",\"dateModified\":\"2025-12-31T14:50:02+00:00\",\"breadcrumb\":{\"@id\":\"https:\/\/www.bancodesarrollo.fin.ec\/index.php\/reclamos\/#breadcrumb\"},\"inLanguage\":\"es\",\"potentialAction\":[{\"@type\":\"ReadAction\",\"target\":[\"https:\/\/www.bancodesarrollo.fin.ec\/index.php\/reclamos\/\"]}]},{\"@type\":\"BreadcrumbList\",\"@id\":\"https:\/\/www.bancodesarrollo.fin.ec\/index.php\/reclamos\/#breadcrumb\",\"itemListElement\":[{\"@type\":\"ListItem\",\"position\":1,\"name\":\"Portada\",\"item\":\"https:\/\/www.bancodesarrollo.fin.ec\/\"},{\"@type\":\"ListItem\",\"position\":2,\"name\":\"Reclamos\"}]},{\"@type\":\"WebSite\",\"@id\":\"https:\/\/www.bancodesarrollo.fin.ec\/#website\",\"url\":\"https:\/\/www.bancodesarrollo.fin.ec\/\",\"name\":\"Banco Desarrollo de los Pueblos\",\"description\":\"CODESA\",\"potentialAction\":[{\"@type\":\"SearchAction\",\"target\":{\"@type\":\"EntryPoint\",\"urlTemplate\":\"https:\/\/www.bancodesarrollo.fin.ec\/?s={search_term_string}\"},\"query-input\":{\"@type\":\"PropertyValueSpecification\",\"valueRequired\":true,\"valueName\":\"search_term_string\"}}],\"inLanguage\":\"es\"}]}<\/script>\n<!-- \/ Yoast SEO plugin. -->","yoast_head_json":{"title":"Reclamos - Banco Desarrollo de los Pueblos","robots":{"index":"index","follow":"follow","max-snippet":"max-snippet:-1","max-image-preview":"max-image-preview:large","max-video-preview":"max-video-preview:-1"},"canonical":"https:\/\/www.bancodesarrollo.fin.ec\/index.php\/reclamos\/","og_locale":"es_ES","og_type":"article","og_title":"Reclamos - Banco Desarrollo de los Pueblos","og_description":"[et_pb_section fb_built=\u00bb1&#8243; _builder_version=\u00bb4.0.5&#8243;][et_pb_row _builder_version=\u00bb4.0.5&#8243;][et_pb_column type=\u00bb4_4&#8243; _builder_version=\u00bb4.0.5&#8243;][et_pb_text _builder_version=\u00bb4.0.5&#8243; header_2_font=\u00bbMontserrat||||||||\u00bb] Unidad de Atenci\u00f3n al Usuario Financiero [\/et_pb_text][\/et_pb_column][\/et_pb_row][et_pb_row _builder_version=\u00bb4.0.5&#8243;][et_pb_column type=\u00bb4_4&#8243; _builder_version=\u00bb4.0.5&#8243;][et_pb_text _builder_version=\u00bb4.0.5&#8243; text_font=\u00bbPoppins||||||||\u00bb text_text_color=\u00bb#000000&#8243; link_text_color=\u00bb#000000&#8243;] Responsable: Lcda. Susana Carrera Direcci\u00f3n: Calle Ladr\u00f3n de Guevara E13-408 y Barcelona. Sector la Floresta, Quito &#8211; Ecuador Tel\u00e9fonos: (02) 2547 978 \/ (02) 2236 596 Ext. 329 E-mail:\u00a0reclamos@bancodesarrollo.fin.ec [\/et_pb_text][\/et_pb_column][\/et_pb_row][et_pb_row _builder_version=\u00bb4.0.5&#8243;][et_pb_column type=\u00bb4_4&#8243; _builder_version=\u00bb4.0.5&#8243;][et_pb_text [&hellip;]","og_url":"https:\/\/www.bancodesarrollo.fin.ec\/index.php\/reclamos\/","og_site_name":"Banco Desarrollo de los Pueblos","article_modified_time":"2025-12-31T14:50:02+00:00","twitter_card":"summary_large_image","twitter_misc":{"Tiempo de lectura":"3 minutos"},"schema":{"@context":"https:\/\/schema.org","@graph":[{"@type":"WebPage","@id":"https:\/\/www.bancodesarrollo.fin.ec\/index.php\/reclamos\/","url":"https:\/\/www.bancodesarrollo.fin.ec\/index.php\/reclamos\/","name":"Reclamos - Banco Desarrollo de los Pueblos","isPartOf":{"@id":"https:\/\/www.bancodesarrollo.fin.ec\/#website"},"datePublished":"2018-11-26T15:16:36+00:00","dateModified":"2025-12-31T14:50:02+00:00","breadcrumb":{"@id":"https:\/\/www.bancodesarrollo.fin.ec\/index.php\/reclamos\/#breadcrumb"},"inLanguage":"es","potentialAction":[{"@type":"ReadAction","target":["https:\/\/www.bancodesarrollo.fin.ec\/index.php\/reclamos\/"]}]},{"@type":"BreadcrumbList","@id":"https:\/\/www.bancodesarrollo.fin.ec\/index.php\/reclamos\/#breadcrumb","itemListElement":[{"@type":"ListItem","position":1,"name":"Portada","item":"https:\/\/www.bancodesarrollo.fin.ec\/"},{"@type":"ListItem","position":2,"name":"Reclamos"}]},{"@type":"WebSite","@id":"https:\/\/www.bancodesarrollo.fin.ec\/#website","url":"https:\/\/www.bancodesarrollo.fin.ec\/","name":"Banco Desarrollo de los Pueblos","description":"CODESA","potentialAction":[{"@type":"SearchAction","target":{"@type":"EntryPoint","urlTemplate":"https:\/\/www.bancodesarrollo.fin.ec\/?s={search_term_string}"},"query-input":{"@type":"PropertyValueSpecification","valueRequired":true,"valueName":"search_term_string"}}],"inLanguage":"es"}]}},"_links":{"self":[{"href":"https:\/\/www.bancodesarrollo.fin.ec\/index.php\/wp-json\/wp\/v2\/pages\/184","targetHints":{"allow":["GET"]}}],"collection":[{"href":"https:\/\/www.bancodesarrollo.fin.ec\/index.php\/wp-json\/wp\/v2\/pages"}],"about":[{"href":"https:\/\/www.bancodesarrollo.fin.ec\/index.php\/wp-json\/wp\/v2\/types\/page"}],"author":[{"embeddable":true,"href":"https:\/\/www.bancodesarrollo.fin.ec\/index.php\/wp-json\/wp\/v2\/users\/1"}],"replies":[{"embeddable":true,"href":"https:\/\/www.bancodesarrollo.fin.ec\/index.php\/wp-json\/wp\/v2\/comments?post=184"}],"version-history":[{"count":27,"href":"https:\/\/www.bancodesarrollo.fin.ec\/index.php\/wp-json\/wp\/v2\/pages\/184\/revisions"}],"predecessor-version":[{"id":8322,"href":"https:\/\/www.bancodesarrollo.fin.ec\/index.php\/wp-json\/wp\/v2\/pages\/184\/revisions\/8322"}],"wp:attachment":[{"href":"https:\/\/www.bancodesarrollo.fin.ec\/index.php\/wp-json\/wp\/v2\/media?parent=184"}],"curies":[{"name":"wp","href":"https:\/\/api.w.org\/{rel}","templated":true}]}}