{"id":55,"date":"2018-11-25T11:32:49","date_gmt":"2018-11-25T16:32:49","guid":{"rendered":"http:\/\/192.168.231.90\/bandesarrollo\/?page_id=55"},"modified":"2025-01-22T11:02:20","modified_gmt":"2025-01-22T16:02:20","slug":"servicios","status":"publish","type":"page","link":"https:\/\/www.bancodesarrollo.fin.ec\/index.php\/servicios\/","title":{"rendered":"Servicios"},"content":{"rendered":"<p>[et_pb_section fb_built=\u00bb1&#8243; _builder_version=\u00bb3.22.7&#8243; custom_padding=\u00bb0px||0px|||\u00bb][et_pb_row _builder_version=\u00bb3.25&#8243; custom_padding=\u00bb0px|||||\u00bb][et_pb_column type=\u00bb4_4&#8243; _builder_version=\u00bb3.25&#8243; custom_padding=\u00bb|||\u00bb custom_padding__hover=\u00bb|||\u00bb][et_pb_text _builder_version=\u00bb3.27.4&#8243; text_font=\u00bb||||||||\u00bb header_font=\u00bbPoppins|600|on||||||\u00bb header_text_color=\u00bb#ffffff\u00bb header_font_size=\u00bb38px\u00bb background_color=\u00bb#95c11f\u00bb text_orientation=\u00bbcenter\u00bb width=\u00bb100%\u00bb max_width=\u00bb144%\u00bb module_alignment=\u00bbcenter\u00bb custom_margin=\u00bb0px|||0px\u00bb custom_padding=\u00bb5px|||0px\u00bb width__hover_enabled=\u00bbon\u00bb width__hover=\u00bbauto\u00bb]<\/p>\n<h1>Servicios<\/h1>\n<p>[\/et_pb_text][et_pb_image src=\u00bbhttps:\/\/www.bancodesarrollo.fin.ec\/wp-content\/uploads\/2019\/06\/Servicios.jpg\u00bb align_tablet=\u00bbcenter\u00bb align_phone=\u00bb\u00bb align_last_edited=\u00bbon|desktop\u00bb _builder_version=\u00bb4.0.5&#8243;][\/et_pb_image][\/et_pb_column][\/et_pb_row][\/et_pb_section][et_pb_section fb_built=\u00bb1&#8243; _builder_version=\u00bb3.22.7&#8243; background_color=\u00bb#005aa6&#8243; custom_margin=\u00bb-28px|||||\u00bb custom_padding=\u00bb60px|0px|54px|0px|false|false\u00bb][et_pb_row column_structure=\u00bb1_3,1_3,1_3&#8243; _builder_version=\u00bb3.25&#8243; custom_margin=\u00bb-60px|auto||auto||\u00bb][et_pb_column type=\u00bb1_3&#8243; _builder_version=\u00bb3.25&#8243; custom_padding=\u00bb|||\u00bb custom_padding__hover=\u00bb|||\u00bb][et_pb_blurb title=\u00bbRecaudaci\u00f3n de Servicios\u00bb image=\u00bbhttps:\/\/www.bancodesarrollo.fin.ec\/wp-content\/uploads\/2019\/03\/Mesa-de-trabajo-25-copia-12.png\u00bb image_max_width=\u00bb50%\u00bb _builder_version=\u00bb4.0.5&#8243; header_font=\u00bbPoppins|600|on||||||\u00bb header_text_align=\u00bbcenter\u00bb header_text_color=\u00bb#ffdc00&#8243; body_font=\u00bbPoppins||||||||\u00bb body_text_align=\u00bbjustify\u00bb body_text_color=\u00bb#ffffff\u00bb custom_margin=\u00bb|20px||20px||true\u00bb custom_padding=\u00bb|5px||5px||true\u00bb locked=\u00bboff\u00bb]<\/p>\n<p style=\"text-align: justify;\">En CODESARROLLO tu puedes pagar tus servicios b\u00e1sicos (agua, luz y tel\u00e9fono), impuestos fiscales, impuestos prediales, planes y recargas de celulares, matriculaci\u00f3n, revisi\u00f3n vehicular, televisi\u00f3n por cable, recaudaciones de universidades, colegios y empresas varias, tarjetas de cr\u00e9dito, entre otros.<\/p>\n<p>[\/et_pb_blurb][\/et_pb_column][et_pb_column type=\u00bb1_3&#8243; _builder_version=\u00bb3.25&#8243; custom_padding=\u00bb|||\u00bb custom_padding__hover=\u00bb|||\u00bb][et_pb_blurb title=\u00bbTransferencias internacionales\u00bb image=\u00bbhttps:\/\/www.bancodesarrollo.fin.ec\/wp-content\/uploads\/2019\/06\/remesas.png\u00bb image_max_width=\u00bb50%\u00bb _builder_version=\u00bb4.0.5&#8243; header_font=\u00bbPoppins|600|on||||||\u00bb header_text_align=\u00bbcenter\u00bb header_text_color=\u00bb#ffdc00&#8243; body_font=\u00bbPoppins||||||||\u00bb body_text_align=\u00bbjustify\u00bb body_text_color=\u00bb#ffffff\u00bb custom_margin=\u00bb|20px||20px||true\u00bb custom_padding=\u00bb|5px||5px||true\u00bb locked=\u00bboff\u00bb]<\/p>\n<p>Env\u00eda y recibe dinero al exterior directamente en tu cuenta de CODESARROLLO.<\/p>\n<p>[\/et_pb_blurb][\/et_pb_column][et_pb_column type=\u00bb1_3&#8243; _builder_version=\u00bb3.25&#8243; custom_padding=\u00bb|||\u00bb custom_padding__hover=\u00bb|||\u00bb][et_pb_blurb title=\u00bbGarant\u00edas Bancarias\u00bb image=\u00bbhttps:\/\/www.bancodesarrollo.fin.ec\/wp-content\/uploads\/2019\/03\/Mesa-de-trabajo-25-copia-8.png\u00bb image_max_width=\u00bb50%\u00bb _builder_version=\u00bb4.0.5&#8243; header_font=\u00bbPoppins|600|on||||||\u00bb header_text_align=\u00bbcenter\u00bb header_text_color=\u00bb#ffdc00&#8243; body_font=\u00bbPoppins||||||||\u00bb body_text_align=\u00bbjustify\u00bb body_text_color=\u00bb#ffffff\u00bb custom_margin=\u00bb|20px||20px||true\u00bb custom_padding=\u00bb|5px||5px||true\u00bb locked=\u00bboff\u00bb]<\/p>\n<p style=\"text-align: justify;\">Documento incondicional, irrevocable y de pago inmediato, por el cual CODESARROLLO se compromete a honrar un valor determinado a un beneficiario, si el ordenante de la misma no cumple el compromiso garantizado, el cual debe ser tangible y concreto. Debe ser cobrada hasta su vencimiento.<\/p>\n<p>[\/et_pb_blurb][\/et_pb_column][\/et_pb_row][\/et_pb_section][et_pb_section fb_built=\u00bb1&#8243; prev_background_color=\u00bb#005aa6&#8243; _builder_version=\u00bb3.22.3&#8243; background_color=\u00bb#ffffff\u00bb custom_padding=\u00bb63px|0px|0|0px|false|false\u00bb top_divider_style=\u00bbwave\u00bb top_divider_height=\u00bb56px\u00bb][et_pb_row _builder_version=\u00bb3.25&#8243; custom_padding=\u00bb27px|0px|43px|0px|false|false\u00bb][et_pb_column type=\u00bb4_4&#8243; _builder_version=\u00bb3.25&#8243; custom_padding=\u00bb|||\u00bb custom_padding__hover=\u00bb|||\u00bb][et_pb_text _builder_version=\u00bb3.27.4&#8243; header_font=\u00bbPoppins||||||||\u00bb header_text_align=\u00bbcenter\u00bb header_text_color=\u00bb#ffffff\u00bb header_font_size=\u00bb40px\u00bb background_color=\u00bb#005aa6&#8243; max_width=\u00bb50%\u00bb module_alignment=\u00bbcenter\u00bb custom_padding=\u00bb9px|||\u00bb]<\/p>\n<h1>CANALES ELECTR\u00d3NICOS<\/h1>\n<p>[\/et_pb_text][\/et_pb_column][\/et_pb_row][et_pb_row column_structure=\u00bb1_3,1_3,1_3&#8243; _builder_version=\u00bb4.0.5&#8243; custom_padding=\u00bb27px|0px|56px|0px|false|false\u00bb][et_pb_column type=\u00bb1_3&#8243; _builder_version=\u00bb3.25&#8243; custom_padding=\u00bb|||\u00bb custom_padding__hover=\u00bb|||\u00bb][et_pb_blurb title=\u00bbTarjeta de d\u00e9bito Mastercard CODE EFECTIVA\u00bb image=\u00bbhttps:\/\/www.bancodesarrollo.fin.ec\/wp-content\/uploads\/2019\/03\/Mesa-de-trabajo-25-copia-10.png\u00bb image_max_width=\u00bb50%\u00bb _builder_version=\u00bb4.0.5&#8243; header_font=\u00bbPoppins|600|on||||||\u00bb header_text_align=\u00bbcenter\u00bb header_text_color=\u00bb#00a94f\u00bb body_font=\u00bbPoppins||||||||\u00bb body_text_align=\u00bbjustify\u00bb body_text_color=\u00bb#005aa6&#8243; custom_margin=\u00bb|20px||20px||true\u00bb custom_padding=\u00bb|20px||20px|false|true\u00bb hover_enabled=\u00bb0&#8243; locked=\u00bboff\u00bb]<\/p>\n<p style=\"text-align: justify;\">Tarjeta aceptada en supermercados, restaurantes, farmacias, gasolineras y todos los establecimientos f\u00edsicos y digitales afiliados a Mastercard. Obt\u00e9n tu efectivo las 24 horas del d\u00eda los 7 d\u00edas de la semana en cajeros autom\u00e1ticos CODESARROLLO, BANRED y CIRRUS.<\/p>\n<p style=\"text-align: justify;\">\n[\/et_pb_blurb][\/et_pb_column][et_pb_column type=\u00bb1_3&#8243; _builder_version=\u00bb3.25&#8243; custom_padding=\u00bb|||\u00bb custom_padding__hover=\u00bb|||\u00bb][et_pb_blurb title=\u00bbCODE WEB\u00bb image=\u00bbhttps:\/\/www.bancodesarrollo.fin.ec\/wp-content\/uploads\/2019\/03\/Mesa-de-trabajo-25-copia-11.png\u00bb image_max_width=\u00bb50%\u00bb _builder_version=\u00bb4.0.5&#8243; header_font=\u00bbPoppins|600|on||||||\u00bb header_text_align=\u00bbcenter\u00bb header_text_color=\u00bb#00a94f\u00bb body_font=\u00bbPoppins||||||||\u00bb body_text_align=\u00bbjustify\u00bb body_text_color=\u00bb#005aa6&#8243; custom_margin=\u00bb|20px||20px||true\u00bb custom_padding=\u00bb|20px||20px|false|true\u00bb hover_enabled=\u00bb0&#8243; locked=\u00bboff\u00bb]<\/p>\n<p style=\"text-align: justify;\">Mediante la banca electr\u00f3nica CODE WEB tu puedes realizar transferencias, consultas, abonos a pr\u00e9stamos, pago de servicios y simulaciones de ahorro y cr\u00e9dito las 24 horas del d\u00eda los 7 d\u00edas de la semana, ahorrando tiempo y garantizando la seguridad en sus transacciones.<\/p>\n<p>[\/et_pb_blurb][\/et_pb_column][et_pb_column type=\u00bb1_3&#8243; _builder_version=\u00bb3.25&#8243; custom_padding=\u00bb|||\u00bb custom_padding__hover=\u00bb|||\u00bb][et_pb_blurb title=\u00bbCODE M\u00d3VIL\u00bb image=\u00bbhttps:\/\/www.bancodesarrollo.fin.ec\/wp-content\/uploads\/2019\/03\/Mesa-de-trabajo-25-copia-11.png\u00bb image_max_width=\u00bb50%\u00bb _builder_version=\u00bb4.0.5&#8243; header_font=\u00bbPoppins|600|on||||||\u00bb header_text_align=\u00bbcenter\u00bb header_text_color=\u00bb#00a94f\u00bb body_font=\u00bbPoppins||||||||\u00bb body_text_align=\u00bbjustify\u00bb body_text_color=\u00bb#005aa6&#8243; custom_margin=\u00bb|20px||20px||true\u00bb custom_padding=\u00bb|20px||20px|false|true\u00bb locked=\u00bboff\u00bb]<\/p>\n<p style=\"text-align: justify;\">A trav\u00e9s de la banca celular CODE M\u00d3VIL puedes realizar transferencias, pago de servicios b\u00e1sicos, p\u00fablicos y privados, pagos de tarjeta de cr\u00e9dito, consultas y m\u00e1s; desde la comodidad de tu celular. Descarga la aplicaci\u00f3n disponible en <a href=\"https:\/\/bit.ly\/3mu3BWe\" target=\"_blank\" rel=\"noopener noreferrer\">Google Play<\/a> y <a href=\"https:\/\/apple.co\/3hmILbd\" target=\"_blank\" rel=\"noopener noreferrer\">App Store<\/a><\/p>\n<p>[\/et_pb_blurb][\/et_pb_column][\/et_pb_row][\/et_pb_section][et_pb_section fb_built=\u00bb1&#8243; admin_label=\u00bbSection\u00bb _builder_version=\u00bb3.22&#8243; background_color=\u00bb#ededed\u00bb custom_padding=\u00bb0px||0px|\u00bb transparent_background=\u00bboff\u00bb padding_mobile=\u00bbon\u00bb global_module=\u00bb3916&#8243; collapsed=\u00bbon\u00bb][\/et_pb_section]<\/p>\n","protected":false},"excerpt":{"rendered":"<p>[et_pb_section fb_built=\u00bb1&#8243; _builder_version=\u00bb3.22.7&#8243; custom_padding=\u00bb0px||0px|||\u00bb][et_pb_row _builder_version=\u00bb3.25&#8243; custom_padding=\u00bb0px|||||\u00bb][et_pb_column type=\u00bb4_4&#8243; _builder_version=\u00bb3.25&#8243; custom_padding=\u00bb|||\u00bb custom_padding__hover=\u00bb|||\u00bb][et_pb_text _builder_version=\u00bb3.27.4&#8243; text_font=\u00bb||||||||\u00bb header_font=\u00bbPoppins|600|on||||||\u00bb header_text_color=\u00bb#ffffff\u00bb header_font_size=\u00bb38px\u00bb background_color=\u00bb#95c11f\u00bb text_orientation=\u00bbcenter\u00bb width=\u00bb100%\u00bb max_width=\u00bb144%\u00bb module_alignment=\u00bbcenter\u00bb custom_margin=\u00bb0px|||0px\u00bb custom_padding=\u00bb5px|||0px\u00bb width__hover_enabled=\u00bbon\u00bb width__hover=\u00bbauto\u00bb] Servicios [\/et_pb_text][et_pb_image src=\u00bbhttps:\/\/www.bancodesarrollo.fin.ec\/wp-content\/uploads\/2019\/06\/Servicios.jpg\u00bb align_tablet=\u00bbcenter\u00bb align_phone=\u00bb\u00bb align_last_edited=\u00bbon|desktop\u00bb _builder_version=\u00bb4.0.5&#8243;][\/et_pb_image][\/et_pb_column][\/et_pb_row][\/et_pb_section][et_pb_section fb_built=\u00bb1&#8243; _builder_version=\u00bb3.22.7&#8243; background_color=\u00bb#005aa6&#8243; custom_margin=\u00bb-28px|||||\u00bb custom_padding=\u00bb60px|0px|54px|0px|false|false\u00bb][et_pb_row column_structure=\u00bb1_3,1_3,1_3&#8243; _builder_version=\u00bb3.25&#8243; custom_margin=\u00bb-60px|auto||auto||\u00bb][et_pb_column type=\u00bb1_3&#8243; _builder_version=\u00bb3.25&#8243; custom_padding=\u00bb|||\u00bb custom_padding__hover=\u00bb|||\u00bb][et_pb_blurb title=\u00bbRecaudaci\u00f3n de Servicios\u00bb image=\u00bbhttps:\/\/www.bancodesarrollo.fin.ec\/wp-content\/uploads\/2019\/03\/Mesa-de-trabajo-25-copia-12.png\u00bb image_max_width=\u00bb50%\u00bb _builder_version=\u00bb4.0.5&#8243; header_font=\u00bbPoppins|600|on||||||\u00bb header_text_align=\u00bbcenter\u00bb header_text_color=\u00bb#ffdc00&#8243; body_font=\u00bbPoppins||||||||\u00bb body_text_align=\u00bbjustify\u00bb body_text_color=\u00bb#ffffff\u00bb [&hellip;]<\/p>\n","protected":false},"author":1,"featured_media":0,"parent":0,"menu_order":0,"comment_status":"closed","ping_status":"closed","template":"","meta":{"_et_pb_use_builder":"on","_et_pb_old_content":"","_joinchat":[],"footnotes":""},"class_list":["post-55","page","type-page","status-publish","hentry"],"yoast_head":"<!-- This site is optimized with the Yoast SEO plugin v26.6 - https:\/\/yoast.com\/wordpress\/plugins\/seo\/ -->\n<title>Servicios - Banco Desarrollo de los Pueblos<\/title>\n<meta name=\"robots\" content=\"index, follow, max-snippet:-1, max-image-preview:large, max-video-preview:-1\" \/>\n<link rel=\"canonical\" href=\"https:\/\/www.bancodesarrollo.fin.ec\/index.php\/servicios\/\" \/>\n<meta property=\"og:locale\" content=\"es_ES\" \/>\n<meta property=\"og:type\" content=\"article\" \/>\n<meta property=\"og:title\" content=\"Servicios - Banco Desarrollo de los Pueblos\" \/>\n<meta property=\"og:description\" content=\"[et_pb_section fb_built=\u00bb1&#8243; _builder_version=\u00bb3.22.7&#8243; custom_padding=\u00bb0px||0px|||\u00bb][et_pb_row _builder_version=\u00bb3.25&#8243; custom_padding=\u00bb0px|||||\u00bb][et_pb_column type=\u00bb4_4&#8243; _builder_version=\u00bb3.25&#8243; custom_padding=\u00bb|||\u00bb custom_padding__hover=\u00bb|||\u00bb][et_pb_text _builder_version=\u00bb3.27.4&#8243; text_font=\u00bb||||||||\u00bb header_font=\u00bbPoppins|600|on||||||\u00bb header_text_color=\u00bb#ffffff\u00bb header_font_size=\u00bb38px\u00bb background_color=\u00bb#95c11f\u00bb text_orientation=\u00bbcenter\u00bb width=\u00bb100%\u00bb max_width=\u00bb144%\u00bb module_alignment=\u00bbcenter\u00bb custom_margin=\u00bb0px|||0px\u00bb custom_padding=\u00bb5px|||0px\u00bb width__hover_enabled=\u00bbon\u00bb width__hover=\u00bbauto\u00bb] Servicios [\/et_pb_text][et_pb_image src=\u00bbhttps:\/\/www.bancodesarrollo.fin.ec\/wp-content\/uploads\/2019\/06\/Servicios.jpg\u00bb align_tablet=\u00bbcenter\u00bb align_phone=\u00bb\u00bb align_last_edited=\u00bbon|desktop\u00bb _builder_version=\u00bb4.0.5&#8243;][\/et_pb_image][\/et_pb_column][\/et_pb_row][\/et_pb_section][et_pb_section fb_built=\u00bb1&#8243; _builder_version=\u00bb3.22.7&#8243; background_color=\u00bb#005aa6&#8243; custom_margin=\u00bb-28px|||||\u00bb custom_padding=\u00bb60px|0px|54px|0px|false|false\u00bb][et_pb_row column_structure=\u00bb1_3,1_3,1_3&#8243; _builder_version=\u00bb3.25&#8243; custom_margin=\u00bb-60px|auto||auto||\u00bb][et_pb_column type=\u00bb1_3&#8243; _builder_version=\u00bb3.25&#8243; custom_padding=\u00bb|||\u00bb custom_padding__hover=\u00bb|||\u00bb][et_pb_blurb title=\u00bbRecaudaci\u00f3n de Servicios\u00bb image=\u00bbhttps:\/\/www.bancodesarrollo.fin.ec\/wp-content\/uploads\/2019\/03\/Mesa-de-trabajo-25-copia-12.png\u00bb image_max_width=\u00bb50%\u00bb _builder_version=\u00bb4.0.5&#8243; header_font=\u00bbPoppins|600|on||||||\u00bb header_text_align=\u00bbcenter\u00bb header_text_color=\u00bb#ffdc00&#8243; body_font=\u00bbPoppins||||||||\u00bb body_text_align=\u00bbjustify\u00bb body_text_color=\u00bb#ffffff\u00bb [&hellip;]\" \/>\n<meta property=\"og:url\" content=\"https:\/\/www.bancodesarrollo.fin.ec\/index.php\/servicios\/\" \/>\n<meta property=\"og:site_name\" content=\"Banco Desarrollo de los Pueblos\" \/>\n<meta property=\"article:modified_time\" content=\"2025-01-22T16:02:20+00:00\" \/>\n<meta name=\"twitter:card\" content=\"summary_large_image\" \/>\n<meta name=\"twitter:label1\" content=\"Tiempo de lectura\" \/>\n\t<meta name=\"twitter:data1\" content=\"5 minutos\" \/>\n<script type=\"application\/ld+json\" class=\"yoast-schema-graph\">{\"@context\":\"https:\/\/schema.org\",\"@graph\":[{\"@type\":\"WebPage\",\"@id\":\"https:\/\/www.bancodesarrollo.fin.ec\/index.php\/servicios\/\",\"url\":\"https:\/\/www.bancodesarrollo.fin.ec\/index.php\/servicios\/\",\"name\":\"Servicios - Banco Desarrollo de los Pueblos\",\"isPartOf\":{\"@id\":\"https:\/\/www.bancodesarrollo.fin.ec\/#website\"},\"datePublished\":\"2018-11-25T16:32:49+00:00\",\"dateModified\":\"2025-01-22T16:02:20+00:00\",\"breadcrumb\":{\"@id\":\"https:\/\/www.bancodesarrollo.fin.ec\/index.php\/servicios\/#breadcrumb\"},\"inLanguage\":\"es\",\"potentialAction\":[{\"@type\":\"ReadAction\",\"target\":[\"https:\/\/www.bancodesarrollo.fin.ec\/index.php\/servicios\/\"]}]},{\"@type\":\"BreadcrumbList\",\"@id\":\"https:\/\/www.bancodesarrollo.fin.ec\/index.php\/servicios\/#breadcrumb\",\"itemListElement\":[{\"@type\":\"ListItem\",\"position\":1,\"name\":\"Portada\",\"item\":\"https:\/\/www.bancodesarrollo.fin.ec\/\"},{\"@type\":\"ListItem\",\"position\":2,\"name\":\"Servicios\"}]},{\"@type\":\"WebSite\",\"@id\":\"https:\/\/www.bancodesarrollo.fin.ec\/#website\",\"url\":\"https:\/\/www.bancodesarrollo.fin.ec\/\",\"name\":\"Banco Desarrollo de los Pueblos\",\"description\":\"CODESA\",\"potentialAction\":[{\"@type\":\"SearchAction\",\"target\":{\"@type\":\"EntryPoint\",\"urlTemplate\":\"https:\/\/www.bancodesarrollo.fin.ec\/?s={search_term_string}\"},\"query-input\":{\"@type\":\"PropertyValueSpecification\",\"valueRequired\":true,\"valueName\":\"search_term_string\"}}],\"inLanguage\":\"es\"}]}<\/script>\n<!-- \/ Yoast SEO plugin. -->","yoast_head_json":{"title":"Servicios - Banco Desarrollo de los Pueblos","robots":{"index":"index","follow":"follow","max-snippet":"max-snippet:-1","max-image-preview":"max-image-preview:large","max-video-preview":"max-video-preview:-1"},"canonical":"https:\/\/www.bancodesarrollo.fin.ec\/index.php\/servicios\/","og_locale":"es_ES","og_type":"article","og_title":"Servicios - Banco Desarrollo de los Pueblos","og_description":"[et_pb_section fb_built=\u00bb1&#8243; _builder_version=\u00bb3.22.7&#8243; custom_padding=\u00bb0px||0px|||\u00bb][et_pb_row _builder_version=\u00bb3.25&#8243; custom_padding=\u00bb0px|||||\u00bb][et_pb_column type=\u00bb4_4&#8243; _builder_version=\u00bb3.25&#8243; custom_padding=\u00bb|||\u00bb custom_padding__hover=\u00bb|||\u00bb][et_pb_text _builder_version=\u00bb3.27.4&#8243; text_font=\u00bb||||||||\u00bb header_font=\u00bbPoppins|600|on||||||\u00bb header_text_color=\u00bb#ffffff\u00bb header_font_size=\u00bb38px\u00bb background_color=\u00bb#95c11f\u00bb text_orientation=\u00bbcenter\u00bb width=\u00bb100%\u00bb max_width=\u00bb144%\u00bb module_alignment=\u00bbcenter\u00bb custom_margin=\u00bb0px|||0px\u00bb custom_padding=\u00bb5px|||0px\u00bb width__hover_enabled=\u00bbon\u00bb width__hover=\u00bbauto\u00bb] Servicios [\/et_pb_text][et_pb_image src=\u00bbhttps:\/\/www.bancodesarrollo.fin.ec\/wp-content\/uploads\/2019\/06\/Servicios.jpg\u00bb align_tablet=\u00bbcenter\u00bb align_phone=\u00bb\u00bb align_last_edited=\u00bbon|desktop\u00bb _builder_version=\u00bb4.0.5&#8243;][\/et_pb_image][\/et_pb_column][\/et_pb_row][\/et_pb_section][et_pb_section fb_built=\u00bb1&#8243; _builder_version=\u00bb3.22.7&#8243; background_color=\u00bb#005aa6&#8243; custom_margin=\u00bb-28px|||||\u00bb custom_padding=\u00bb60px|0px|54px|0px|false|false\u00bb][et_pb_row column_structure=\u00bb1_3,1_3,1_3&#8243; _builder_version=\u00bb3.25&#8243; custom_margin=\u00bb-60px|auto||auto||\u00bb][et_pb_column type=\u00bb1_3&#8243; _builder_version=\u00bb3.25&#8243; custom_padding=\u00bb|||\u00bb custom_padding__hover=\u00bb|||\u00bb][et_pb_blurb title=\u00bbRecaudaci\u00f3n de Servicios\u00bb image=\u00bbhttps:\/\/www.bancodesarrollo.fin.ec\/wp-content\/uploads\/2019\/03\/Mesa-de-trabajo-25-copia-12.png\u00bb image_max_width=\u00bb50%\u00bb _builder_version=\u00bb4.0.5&#8243; header_font=\u00bbPoppins|600|on||||||\u00bb header_text_align=\u00bbcenter\u00bb header_text_color=\u00bb#ffdc00&#8243; body_font=\u00bbPoppins||||||||\u00bb body_text_align=\u00bbjustify\u00bb body_text_color=\u00bb#ffffff\u00bb [&hellip;]","og_url":"https:\/\/www.bancodesarrollo.fin.ec\/index.php\/servicios\/","og_site_name":"Banco Desarrollo de los Pueblos","article_modified_time":"2025-01-22T16:02:20+00:00","twitter_card":"summary_large_image","twitter_misc":{"Tiempo de lectura":"5 minutos"},"schema":{"@context":"https:\/\/schema.org","@graph":[{"@type":"WebPage","@id":"https:\/\/www.bancodesarrollo.fin.ec\/index.php\/servicios\/","url":"https:\/\/www.bancodesarrollo.fin.ec\/index.php\/servicios\/","name":"Servicios - Banco Desarrollo de los Pueblos","isPartOf":{"@id":"https:\/\/www.bancodesarrollo.fin.ec\/#website"},"datePublished":"2018-11-25T16:32:49+00:00","dateModified":"2025-01-22T16:02:20+00:00","breadcrumb":{"@id":"https:\/\/www.bancodesarrollo.fin.ec\/index.php\/servicios\/#breadcrumb"},"inLanguage":"es","potentialAction":[{"@type":"ReadAction","target":["https:\/\/www.bancodesarrollo.fin.ec\/index.php\/servicios\/"]}]},{"@type":"BreadcrumbList","@id":"https:\/\/www.bancodesarrollo.fin.ec\/index.php\/servicios\/#breadcrumb","itemListElement":[{"@type":"ListItem","position":1,"name":"Portada","item":"https:\/\/www.bancodesarrollo.fin.ec\/"},{"@type":"ListItem","position":2,"name":"Servicios"}]},{"@type":"WebSite","@id":"https:\/\/www.bancodesarrollo.fin.ec\/#website","url":"https:\/\/www.bancodesarrollo.fin.ec\/","name":"Banco Desarrollo de los Pueblos","description":"CODESA","potentialAction":[{"@type":"SearchAction","target":{"@type":"EntryPoint","urlTemplate":"https:\/\/www.bancodesarrollo.fin.ec\/?s={search_term_string}"},"query-input":{"@type":"PropertyValueSpecification","valueRequired":true,"valueName":"search_term_string"}}],"inLanguage":"es"}]}},"_links":{"self":[{"href":"https:\/\/www.bancodesarrollo.fin.ec\/index.php\/wp-json\/wp\/v2\/pages\/55","targetHints":{"allow":["GET"]}}],"collection":[{"href":"https:\/\/www.bancodesarrollo.fin.ec\/index.php\/wp-json\/wp\/v2\/pages"}],"about":[{"href":"https:\/\/www.bancodesarrollo.fin.ec\/index.php\/wp-json\/wp\/v2\/types\/page"}],"author":[{"embeddable":true,"href":"https:\/\/www.bancodesarrollo.fin.ec\/index.php\/wp-json\/wp\/v2\/users\/1"}],"replies":[{"embeddable":true,"href":"https:\/\/www.bancodesarrollo.fin.ec\/index.php\/wp-json\/wp\/v2\/comments?post=55"}],"version-history":[{"count":39,"href":"https:\/\/www.bancodesarrollo.fin.ec\/index.php\/wp-json\/wp\/v2\/pages\/55\/revisions"}],"predecessor-version":[{"id":7961,"href":"https:\/\/www.bancodesarrollo.fin.ec\/index.php\/wp-json\/wp\/v2\/pages\/55\/revisions\/7961"}],"wp:attachment":[{"href":"https:\/\/www.bancodesarrollo.fin.ec\/index.php\/wp-json\/wp\/v2\/media?parent=55"}],"curies":[{"name":"wp","href":"https:\/\/api.w.org\/{rel}","templated":true}]}}