{"id":8381,"date":"2026-04-06T09:57:00","date_gmt":"2026-04-06T14:57:00","guid":{"rendered":"https:\/\/www.bancodesarrollo.fin.ec\/?page_id=8381"},"modified":"2026-05-08T14:58:07","modified_gmt":"2026-05-08T19:58:07","slug":"politica-de-cookies-banco-desarrollo-de-los-pueblos-s-a-codesarrollo","status":"publish","type":"page","link":"https:\/\/www.bancodesarrollo.fin.ec\/index.php\/politica-de-cookies-banco-desarrollo-de-los-pueblos-s-a-codesarrollo\/","title":{"rendered":"POL\u00cdTICA DE COOKIES BANCO \u201cDESARROLLO DE LOS PUEBLOS\u201d S.A. CODESARROLLO"},"content":{"rendered":"\n<p><strong>OBJETIVO<\/strong> <\/p>\n\n\n\n<p>Informar de manera clara y transparente, a los clientes, usuarios, accionistas, proveedores, colaboradores, aliados estrat\u00e9gicos y p\u00fablico en general, sobre la pol\u00edtica de utilizaci\u00f3n de cookies en nuestro sitio web (www.bancodesarrollo.fin.ec). Adem\u00e1s, ofrecemos orientaci\u00f3n sobre c\u00f3mo puedes gestionar estas cookies de acuerdo con tus preferencias personales.<\/p>\n\n\n\n<p><strong>BASE LEGAL<\/strong><\/p>\n\n\n\n<p>Ley Org\u00e1nica de Protecci\u00f3n de Datos Personales y su Reglamento<\/p>\n\n\n\n<p>Codificaci\u00f3n de Normas de la Superintendencia de Bancos<\/p>\n\n\n\n<p><strong>DESCRIPCI\u00d3N DE POL\u00cdTICAS<\/strong><\/p>\n\n\n\n<ul class=\"wp-block-list\">\n<li><strong>Alcance<\/strong><\/li>\n<\/ul>\n\n\n\n<ol class=\"wp-block-list\">\n<li><\/li>\n<\/ol>\n\n\n\n<p>Banco CODESARROLLO, como responsable del tratamiento de datos personales, en conformidad con la Ley Org\u00e1nica de Protecci\u00f3n de Datos Personales y dem\u00e1s normativa legal vigente, velar\u00e1 por la seguridad y calidad de tratamiento de la informaci\u00f3n en cumplimiento de la normativa vigente y dem\u00e1s disposiciones que la modifiquen debe informar sobre el uso de cookies, que consisten en peque\u00f1os archivos de texto que se guardan en el dispositivo del usuario al visitar una p\u00e1gina web. Estas cookies permiten que el sitio web recuerde informaci\u00f3n sobre la visita y el contenido preferido.<\/p>\n\n\n\n<ul class=\"wp-block-list\">\n<li><strong>Finalidad de uso de cookies<\/strong><\/li>\n<\/ul>\n\n\n\n<p>En Banco CODESARROLLO, se utilizan los siguientes tipos de cookies con fines espec\u00edficos:<\/p>\n\n\n\n<ol class=\"wp-block-list\">\n<li><strong>Cookies de an\u00e1lisis (anal\u00edticas): <\/strong>Ya sean propias o de terceros, estas cookies permiten obtener informaci\u00f3n sobre la navegaci\u00f3n del usuario y el rendimiento del sitio web. Se utilizan para realizar mediciones y an\u00e1lisis estad\u00edsticos con el objetivo de introducir mejoras continuas. Es posible deshabilitarlas.<\/li>\n\n\n\n<li><strong>Cookies t\u00e9cnicas o funcionales: <\/strong>Son necesarias para el funcionamiento b\u00e1sico del sitio web y permiten recordar las preferencias del usuario.<\/li>\n\n\n\n<li><strong>Cookies de marketing o publicidad: <\/strong>Se utilizan para rastrear a los usuarios a trav\u00e9s de diferentes sitios web con el objetivo de mostrar anuncios relevantes y personalizados.<\/li>\n\n\n\n<li><strong>Cookies necesarias:<\/strong> Estas cookies se instalan por defecto y su objetivo principal es garantizar el correcto funcionamiento del sitio web. No se pueden desactivar.<\/li>\n\n\n\n<li><strong>Cookies dirigidas:<\/strong> Estas cookies, propias o de terceros, nos permiten analizar los h\u00e1bitos de navegaci\u00f3n de los usuarios en el portal web con el objetivo de generar publicidad relacionada con su perfil de navegaci\u00f3n. Es posible deshabilitarlas.<\/li>\n<\/ol>\n\n\n\n<ul class=\"wp-block-list\">\n<li><strong>Responsables del tratamiento de datos personales<\/strong><\/li>\n<\/ul>\n\n\n\n<p>Banco CODESARROLLO, con RUC 0990247536001, domiciliado en la Rep\u00fablica del Ecuador, ciudad de Quito, Provincia de Pichincha, Av. Ladr\u00f3n de Guevara E13-408, tel\u00e9fono +593 2 2900 109\u00a0\u00a0 y correo electr\u00f3nico protecciondedatos@bancodesarrollo.fin.ec, es el responsable del tratamiento de los datos personales, para el ejercicio de sus derechos conforme la Ley Org\u00e1nica de Protecci\u00f3n de Datos Personales s\u00edrvase escribir al correo electr\u00f3nico:\u00a0 <strong>protecciondedatos@bancodesarrollo.fin.ec.<\/strong><\/p>\n\n\n\n<ul class=\"wp-block-list\">\n<li><strong>Gu\u00eda para la gesti\u00f3n de cookies<\/strong><\/li>\n<\/ul>\n\n\n\n<p>Con las opciones ACEPTAR O NEGAR tienes la opci\u00f3n de <strong>aceptar <\/strong>o<strong> rechazar<\/strong> el uso de cookies en cualquier momento, as\u00ed como configurar sus preferencias de privacidad. Para hacerlo, puedes acceder al panel de configuraci\u00f3n de cookies que se encuentra en la parte inferior de nuestro sitio web. All\u00ed, tendr\u00e1s la posibilidad de activar o desactivar las diferentes categor\u00edas de cookies seg\u00fan tus preferencias. Adem\u00e1s, puedes ajustar la configuraci\u00f3n de tu navegador para bloquear o eliminar las cookies almacenadas en tu dispositivo. Sin embargo, es importante tener en cuenta que, si rechazas o eliminas las cookies t\u00e9cnicas, algunas funcionalidades de nuestro sitio web podr\u00edan no estar disponibles o no funcionar correctamente.<\/p>\n\n\n\n<p>Si deseas obtener m\u00e1s informaci\u00f3n sobre c\u00f3mo configurar tu navegador para gestionar las cookies, puedes consultar las instrucciones proporcionadas por tu navegador:<\/p>\n\n\n\n<ol class=\"wp-block-list\">\n<li>Google Chrome<\/li>\n\n\n\n<li>Mozilla Firefox<\/li>\n\n\n\n<li>Microsoft Edge<\/li>\n\n\n\n<li>Safari<\/li>\n\n\n\n<li>Opera<\/li>\n\n\n\n<li>Otros<\/li>\n<\/ol>\n\n\n\n<ul class=\"wp-block-list\">\n<li><strong>Actualizaciones de la Pol\u00edtica<\/strong><\/li>\n<\/ul>\n\n\n\n<p>Esta Pol\u00edtica de Cookies puede ser actualizada en cualquier momento cuando existan cambios normativos o t\u00e9cnicos. Cualquier cambio se har\u00e1 disponible para los titulares de la informaci\u00f3n personal en nuestra p\u00e1gina web <strong>www.bancodesarrollo.fin.ec<\/strong>, o a trav\u00e9s de cualquier otro medio que consideremos apropiado. Siempre indicaremos la fecha en la que la modificaci\u00f3n o actualizaci\u00f3n entrar\u00e1 en vigor. El uso de cookies no esenciales se basa en el consentimiento previo, libre e informado del usuario, conforme a la Ley Org\u00e1nica de Protecci\u00f3n de Datos Personales del Ecuador.<\/p>\n\n\n\n<p>Esta Pol\u00edtica de Cookies se complementa con nuestra Pol\u00edtica de Privacidad y Protecci\u00f3n de Datos Personales. Para obtener m\u00e1s informaci\u00f3n, puedes visitar&nbsp; La Pol\u00edtica de Tratamiento de Datos Personales https:\/\/www.bancodesarrollo.fin.ec\/index.php\/politica-de-privacidad-codesa\/.<\/p>\n\n\n\n<ul class=\"wp-block-list\">\n<li><strong>Relaci\u00f3n de cookies utilizadas en nuestro sitio Web y plazos de conservaci\u00f3n<\/strong><\/li>\n<\/ul>\n\n\n\n<p>Banco CODESARROLLO trabaja con las siguientes cookies.<\/p>\n\n\n\n<p>Los datos se conservar\u00e1n por el tiempo estrictamente necesario para cumplir las finalidades para las que fueron recolectados y conforme a los plazos establecidos por la normativa financiera, tributaria y regulatoria en concordancia con nuestra pol\u00edtica de privacidad y protecci\u00f3n de datos personales. Adicionalmente, el Banco se reserva el derecho de mantener los datos en caso de que la solicitud de cancelaci\u00f3n por parte de un titular no sea posible por mandato legal o por motivo fundamentado o si los datos est\u00e1n sujetos a procesos legales debidamente comunicados al Banco.<\/p>\n\n\n\n<figure class=\"wp-block-table alignleft is-style-regular has-small-font-size\"><table class=\"has-fixed-layout\"><thead><tr><th class=\"has-text-align-left\" data-align=\"left\">CATEGOR\u00cdA<\/th><th class=\"has-text-align-left\" data-align=\"left\">COOKIE<\/th><th>FINALIDAD<\/th><th class=\"has-text-align-left\" data-align=\"left\">CADUCIDAD<\/th><\/tr><\/thead><tbody><tr><td class=\"has-text-align-left\" data-align=\"left\">Anal\u00edtica<\/td><td class=\"has-text-align-left\" data-align=\"left\">_ga<\/td><td>Se utiliza para distinguir a los usuarios mediante un identificador \u00fanico y recopilar informaci\u00f3n estad\u00edstica sobre el uso del sitio web.<\/td><td class=\"has-text-align-left\" data-align=\"left\">2 a\u00f1os<\/td><\/tr><tr><td class=\"has-text-align-left\" data-align=\"left\">Anal\u00edtica<\/td><td class=\"has-text-align-left\" data-align=\"left\">_ga_37KMK4KSN1<\/td><td>Permite mantener el estado de la sesi\u00f3n y recopilar datos sobre la interacci\u00f3n del usuario con el sitio web.<\/td><td class=\"has-text-align-left\" data-align=\"left\">2 a\u00f1os<\/td><\/tr><tr><td class=\"has-text-align-left\" data-align=\"left\">Anal\u00edtica<\/td><td class=\"has-text-align-left\" data-align=\"left\">_gat_gtag_UA_205957336_1<\/td><td>Limpia la tasa de solicitudes enviadas a Google Analytics para mejorar el rendimiento del sitio.<\/td><td class=\"has-text-align-left\" data-align=\"left\">1 minuto<\/td><\/tr><tr><td class=\"has-text-align-left\" data-align=\"left\">Anal\u00edtica<\/td><td class=\"has-text-align-left\" data-align=\"left\">_gid<\/td><td>Registra un identificador \u00fanico para generar datos estad\u00edsticos sobre como el visitante utiliza el sitio web.<\/td><td class=\"has-text-align-left\" data-align=\"left\">24 horas<\/td><\/tr><tr><td class=\"has-text-align-left\" data-align=\"left\">Marketing<\/td><td class=\"has-text-align-left\" data-align=\"left\">__Secure-1PAPISID<\/td><td>Se utiliza para personalizar anuncios basados en la actividad e interese del usuario.<\/td><td class=\"has-text-align-left\" data-align=\"left\">2 a\u00f1os<\/td><\/tr><tr><td class=\"has-text-align-left\" data-align=\"left\">Marketing<\/td><td class=\"has-text-align-left\" data-align=\"left\">__Secure-1PSID<\/td><td>Almacena informaci\u00f3n sobre preferencias del usuario para mostrar publicidad personalizada.<\/td><td class=\"has-text-align-left\" data-align=\"left\">2 a\u00f1os<\/td><\/tr><tr><td class=\"has-text-align-left\" data-align=\"left\">Marketing \/ Seguridad<\/td><td class=\"has-text-align-left\" data-align=\"left\">__Secure-1PSIDDCC<\/td><td>Ayuda a proteger los datos del usuario y mejorar la seguridad de la navegaci\u00f3n.<\/td><td class=\"has-text-align-left\" data-align=\"left\">1 a\u00f1o<\/td><\/tr><tr><td class=\"has-text-align-left\" data-align=\"left\">Marketing \/ Seguridad<\/td><td class=\"has-text-align-left\" data-align=\"left\">__Secure-1PSIDTS<\/td><td>Permite mantener el estado de la sesi\u00f3n y mejorar la seguridad de los servicios de Google.<\/td><td class=\"has-text-align-left\" data-align=\"left\">1 a\u00f1o<\/td><\/tr><tr><td class=\"has-text-align-left\" data-align=\"left\">Marketing<\/td><td class=\"has-text-align-left\" data-align=\"left\">__Secure-3PAPISID<\/td><td>Se utiliza para crear perfiles de inter\u00e9s del usuario y mostrar anuncios personalizados.<\/td><td class=\"has-text-align-left\" data-align=\"left\">2 a\u00f1os<\/td><\/tr><tr><td class=\"has-text-align-left\" data-align=\"left\">Marketing<\/td><td class=\"has-text-align-left\" data-align=\"left\">__Secure-3PSID<\/td><td>Permite recopilar informaci\u00f3n sobre la interacci\u00f3n del usuario con anuncios.<\/td><td class=\"has-text-align-left\" data-align=\"left\">2 a\u00f1os<\/td><\/tr><tr><td class=\"has-text-align-left\" data-align=\"left\">Seguridad<\/td><td class=\"has-text-align-left\" data-align=\"left\">__Secure-3PSIDCC<\/td><td>Cookie de seguridad utilizada para autenticar usuarios y prevenir fraudes.<\/td><td class=\"has-text-align-left\" data-align=\"left\">1 a\u00f1o<\/td><\/tr><tr><td class=\"has-text-align-left\" data-align=\"left\">Seguridad<\/td><td class=\"has-text-align-left\" data-align=\"left\">__Secure-3PSIDTS<\/td><td>Ayuda a verificar la autenticidad de las sesiones de usuario.<\/td><td class=\"has-text-align-left\" data-align=\"left\">1 a\u00f1o<\/td><\/tr><tr><td class=\"has-text-align-left\" data-align=\"left\">Marketing<\/td><td class=\"has-text-align-left\" data-align=\"left\">APISID<\/td><td>Se utiliza para mostrar anuncios relevantes basados en el perfil de usuario.<\/td><td class=\"has-text-align-left\" data-align=\"left\">2 a\u00f1os<\/td><\/tr><tr><td class=\"has-text-align-left\" data-align=\"left\">Seguridad<\/td><td class=\"has-text-align-left\" data-align=\"left\">HSID<\/td><td>Cookie de seguridad utilizada para autenticar usuarios y prevenir accesos fraudulentos.<\/td><td class=\"has-text-align-left\" data-align=\"left\">2 a\u00f1os<\/td><\/tr><tr><td class=\"has-text-align-left\" data-align=\"left\">Funcional<\/td><td class=\"has-text-align-left\" data-align=\"left\">cmplz_banner_status<\/td><td>Guarda si el usuario ha visto o cerrado el banner de cookies.<\/td><td class=\"has-text-align-left\" data-align=\"left\">1 a\u00f1o<\/td><\/tr><tr><td class=\"has-text-align-left\" data-align=\"left\">Funcional<\/td><td class=\"has-text-align-left\" data-align=\"left\">cmplz_consented_services<\/td><td>Almacena los servicios para los que el usuario ha dado su consentimiento.<\/td><td class=\"has-text-align-left\" data-align=\"left\">1 a\u00f1o<\/td><\/tr><tr><td class=\"has-text-align-left\" data-align=\"left\">Funcional<\/td><td class=\"has-text-align-left\" data-align=\"left\">cmplz_funcional<\/td><td>Registra si el usuario ha aceptado cookies funcionales.<\/td><td class=\"has-text-align-left\" data-align=\"left\">1 a\u00f1o<\/td><\/tr><tr><td class=\"has-text-align-left\" data-align=\"left\">Marketing<\/td><td class=\"has-text-align-left\" data-align=\"left\">cmplz_marketing<\/td><td>Registra si el usuario ha aceptado cookies de marketing.<\/td><td class=\"has-text-align-left\" data-align=\"left\">1 a\u00f1o<\/td><\/tr><tr><td class=\"has-text-align-left\" data-align=\"left\">Funcional<\/td><td class=\"has-text-align-left\" data-align=\"left\">cmplz_policy_id<\/td><td>Guarda la versi\u00f3n de la pol\u00edtica de cookies aceptada por el usuario.<\/td><td class=\"has-text-align-left\" data-align=\"left\">1 a\u00f1o<\/td><\/tr><tr><td class=\"has-text-align-left\" data-align=\"left\">Funcional<\/td><td class=\"has-text-align-left\" data-align=\"left\">cmplz_preferences<\/td><td>Almacena las preferencias de cookies seleccionadas por el usuario.<\/td><td class=\"has-text-align-left\" data-align=\"left\">1 a\u00f1o<\/td><\/tr><tr><td class=\"has-text-align-left\" data-align=\"left\">Anal\u00edtica<\/td><td class=\"has-text-align-left\" data-align=\"left\">cmplz_statistics<\/td><td>Registra si el usuario ha aceptado cookies de estad\u00edsticas.<\/td><td class=\"has-text-align-left\" data-align=\"left\">1 a\u00f1o<\/td><\/tr><\/tbody><\/table><\/figure>\n\n\n\n<p>Cumplidas las finalidades, el Banco aplicar\u00e1 procesos seguros de eliminaci\u00f3n, bloqueo o anonimizaci\u00f3n de la informaci\u00f3n.<\/p>\n","protected":false},"excerpt":{"rendered":"<p>OBJETIVO Informar de manera clara y transparente, a los clientes, usuarios, accionistas, proveedores, colaboradores, aliados estrat\u00e9gicos y p\u00fablico en general, sobre la pol\u00edtica de utilizaci\u00f3n de cookies en nuestro sitio web (www.bancodesarrollo.fin.ec). Adem\u00e1s, ofrecemos orientaci\u00f3n sobre c\u00f3mo puedes gestionar estas cookies de acuerdo con tus preferencias personales. BASE LEGAL Ley Org\u00e1nica de Protecci\u00f3n de Datos [&hellip;]<\/p>\n","protected":false},"author":1,"featured_media":0,"parent":0,"menu_order":0,"comment_status":"closed","ping_status":"closed","template":"","meta":{"_et_pb_use_builder":"","_et_pb_old_content":"","_joinchat":[],"footnotes":""},"class_list":["post-8381","page","type-page","status-publish","hentry"],"yoast_head":"<!-- This site is optimized with the Yoast SEO plugin v26.6 - https:\/\/yoast.com\/wordpress\/plugins\/seo\/ -->\n<title>POL\u00cdTICA DE COOKIES BANCO \u201cDESARROLLO DE LOS PUEBLOS\u201d S.A. CODESARROLLO - Banco Desarrollo de los Pueblos<\/title>\n<meta name=\"robots\" content=\"index, follow, max-snippet:-1, max-image-preview:large, max-video-preview:-1\" \/>\n<link rel=\"canonical\" href=\"https:\/\/www.bancodesarrollo.fin.ec\/index.php\/politica-de-cookies-banco-desarrollo-de-los-pueblos-s-a-codesarrollo\/\" \/>\n<meta property=\"og:locale\" content=\"es_ES\" \/>\n<meta property=\"og:type\" content=\"article\" \/>\n<meta property=\"og:title\" content=\"POL\u00cdTICA DE COOKIES BANCO \u201cDESARROLLO DE LOS PUEBLOS\u201d S.A. CODESARROLLO - Banco Desarrollo de los Pueblos\" \/>\n<meta property=\"og:description\" content=\"OBJETIVO Informar de manera clara y transparente, a los clientes, usuarios, accionistas, proveedores, colaboradores, aliados estrat\u00e9gicos y p\u00fablico en general, sobre la pol\u00edtica de utilizaci\u00f3n de cookies en nuestro sitio web (www.bancodesarrollo.fin.ec). Adem\u00e1s, ofrecemos orientaci\u00f3n sobre c\u00f3mo puedes gestionar estas cookies de acuerdo con tus preferencias personales. BASE LEGAL Ley Org\u00e1nica de Protecci\u00f3n de Datos [&hellip;]\" \/>\n<meta property=\"og:url\" content=\"https:\/\/www.bancodesarrollo.fin.ec\/index.php\/politica-de-cookies-banco-desarrollo-de-los-pueblos-s-a-codesarrollo\/\" \/>\n<meta property=\"og:site_name\" content=\"Banco Desarrollo de los Pueblos\" \/>\n<meta property=\"article:modified_time\" content=\"2026-05-08T19:58:07+00:00\" \/>\n<meta name=\"twitter:card\" content=\"summary_large_image\" \/>\n<meta name=\"twitter:label1\" content=\"Tiempo de lectura\" \/>\n\t<meta name=\"twitter:data1\" content=\"6 minutos\" \/>\n<script type=\"application\/ld+json\" class=\"yoast-schema-graph\">{\"@context\":\"https:\/\/schema.org\",\"@graph\":[{\"@type\":\"WebPage\",\"@id\":\"https:\/\/www.bancodesarrollo.fin.ec\/index.php\/politica-de-cookies-banco-desarrollo-de-los-pueblos-s-a-codesarrollo\/\",\"url\":\"https:\/\/www.bancodesarrollo.fin.ec\/index.php\/politica-de-cookies-banco-desarrollo-de-los-pueblos-s-a-codesarrollo\/\",\"name\":\"POL\u00cdTICA DE COOKIES BANCO \u201cDESARROLLO DE LOS PUEBLOS\u201d S.A. CODESARROLLO - Banco Desarrollo de los Pueblos\",\"isPartOf\":{\"@id\":\"https:\/\/www.bancodesarrollo.fin.ec\/#website\"},\"datePublished\":\"2026-04-06T14:57:00+00:00\",\"dateModified\":\"2026-05-08T19:58:07+00:00\",\"breadcrumb\":{\"@id\":\"https:\/\/www.bancodesarrollo.fin.ec\/index.php\/politica-de-cookies-banco-desarrollo-de-los-pueblos-s-a-codesarrollo\/#breadcrumb\"},\"inLanguage\":\"es\",\"potentialAction\":[{\"@type\":\"ReadAction\",\"target\":[\"https:\/\/www.bancodesarrollo.fin.ec\/index.php\/politica-de-cookies-banco-desarrollo-de-los-pueblos-s-a-codesarrollo\/\"]}]},{\"@type\":\"BreadcrumbList\",\"@id\":\"https:\/\/www.bancodesarrollo.fin.ec\/index.php\/politica-de-cookies-banco-desarrollo-de-los-pueblos-s-a-codesarrollo\/#breadcrumb\",\"itemListElement\":[{\"@type\":\"ListItem\",\"position\":1,\"name\":\"Portada\",\"item\":\"https:\/\/www.bancodesarrollo.fin.ec\/\"},{\"@type\":\"ListItem\",\"position\":2,\"name\":\"POL\u00cdTICA DE COOKIES BANCO \u201cDESARROLLO DE LOS PUEBLOS\u201d S.A. CODESARROLLO\"}]},{\"@type\":\"WebSite\",\"@id\":\"https:\/\/www.bancodesarrollo.fin.ec\/#website\",\"url\":\"https:\/\/www.bancodesarrollo.fin.ec\/\",\"name\":\"Banco Desarrollo de los Pueblos\",\"description\":\"CODESA\",\"potentialAction\":[{\"@type\":\"SearchAction\",\"target\":{\"@type\":\"EntryPoint\",\"urlTemplate\":\"https:\/\/www.bancodesarrollo.fin.ec\/?s={search_term_string}\"},\"query-input\":{\"@type\":\"PropertyValueSpecification\",\"valueRequired\":true,\"valueName\":\"search_term_string\"}}],\"inLanguage\":\"es\"}]}<\/script>\n<!-- \/ Yoast SEO plugin. -->","yoast_head_json":{"title":"POL\u00cdTICA DE COOKIES BANCO \u201cDESARROLLO DE LOS PUEBLOS\u201d S.A. CODESARROLLO - Banco Desarrollo de los Pueblos","robots":{"index":"index","follow":"follow","max-snippet":"max-snippet:-1","max-image-preview":"max-image-preview:large","max-video-preview":"max-video-preview:-1"},"canonical":"https:\/\/www.bancodesarrollo.fin.ec\/index.php\/politica-de-cookies-banco-desarrollo-de-los-pueblos-s-a-codesarrollo\/","og_locale":"es_ES","og_type":"article","og_title":"POL\u00cdTICA DE COOKIES BANCO \u201cDESARROLLO DE LOS PUEBLOS\u201d S.A. CODESARROLLO - Banco Desarrollo de los Pueblos","og_description":"OBJETIVO Informar de manera clara y transparente, a los clientes, usuarios, accionistas, proveedores, colaboradores, aliados estrat\u00e9gicos y p\u00fablico en general, sobre la pol\u00edtica de utilizaci\u00f3n de cookies en nuestro sitio web (www.bancodesarrollo.fin.ec). Adem\u00e1s, ofrecemos orientaci\u00f3n sobre c\u00f3mo puedes gestionar estas cookies de acuerdo con tus preferencias personales. BASE LEGAL Ley Org\u00e1nica de Protecci\u00f3n de Datos [&hellip;]","og_url":"https:\/\/www.bancodesarrollo.fin.ec\/index.php\/politica-de-cookies-banco-desarrollo-de-los-pueblos-s-a-codesarrollo\/","og_site_name":"Banco Desarrollo de los Pueblos","article_modified_time":"2026-05-08T19:58:07+00:00","twitter_card":"summary_large_image","twitter_misc":{"Tiempo de lectura":"6 minutos"},"schema":{"@context":"https:\/\/schema.org","@graph":[{"@type":"WebPage","@id":"https:\/\/www.bancodesarrollo.fin.ec\/index.php\/politica-de-cookies-banco-desarrollo-de-los-pueblos-s-a-codesarrollo\/","url":"https:\/\/www.bancodesarrollo.fin.ec\/index.php\/politica-de-cookies-banco-desarrollo-de-los-pueblos-s-a-codesarrollo\/","name":"POL\u00cdTICA DE COOKIES BANCO \u201cDESARROLLO DE LOS PUEBLOS\u201d S.A. CODESARROLLO - Banco Desarrollo de los Pueblos","isPartOf":{"@id":"https:\/\/www.bancodesarrollo.fin.ec\/#website"},"datePublished":"2026-04-06T14:57:00+00:00","dateModified":"2026-05-08T19:58:07+00:00","breadcrumb":{"@id":"https:\/\/www.bancodesarrollo.fin.ec\/index.php\/politica-de-cookies-banco-desarrollo-de-los-pueblos-s-a-codesarrollo\/#breadcrumb"},"inLanguage":"es","potentialAction":[{"@type":"ReadAction","target":["https:\/\/www.bancodesarrollo.fin.ec\/index.php\/politica-de-cookies-banco-desarrollo-de-los-pueblos-s-a-codesarrollo\/"]}]},{"@type":"BreadcrumbList","@id":"https:\/\/www.bancodesarrollo.fin.ec\/index.php\/politica-de-cookies-banco-desarrollo-de-los-pueblos-s-a-codesarrollo\/#breadcrumb","itemListElement":[{"@type":"ListItem","position":1,"name":"Portada","item":"https:\/\/www.bancodesarrollo.fin.ec\/"},{"@type":"ListItem","position":2,"name":"POL\u00cdTICA DE COOKIES BANCO \u201cDESARROLLO DE LOS PUEBLOS\u201d S.A. CODESARROLLO"}]},{"@type":"WebSite","@id":"https:\/\/www.bancodesarrollo.fin.ec\/#website","url":"https:\/\/www.bancodesarrollo.fin.ec\/","name":"Banco Desarrollo de los Pueblos","description":"CODESA","potentialAction":[{"@type":"SearchAction","target":{"@type":"EntryPoint","urlTemplate":"https:\/\/www.bancodesarrollo.fin.ec\/?s={search_term_string}"},"query-input":{"@type":"PropertyValueSpecification","valueRequired":true,"valueName":"search_term_string"}}],"inLanguage":"es"}]}},"_links":{"self":[{"href":"https:\/\/www.bancodesarrollo.fin.ec\/index.php\/wp-json\/wp\/v2\/pages\/8381","targetHints":{"allow":["GET"]}}],"collection":[{"href":"https:\/\/www.bancodesarrollo.fin.ec\/index.php\/wp-json\/wp\/v2\/pages"}],"about":[{"href":"https:\/\/www.bancodesarrollo.fin.ec\/index.php\/wp-json\/wp\/v2\/types\/page"}],"author":[{"embeddable":true,"href":"https:\/\/www.bancodesarrollo.fin.ec\/index.php\/wp-json\/wp\/v2\/users\/1"}],"replies":[{"embeddable":true,"href":"https:\/\/www.bancodesarrollo.fin.ec\/index.php\/wp-json\/wp\/v2\/comments?post=8381"}],"version-history":[{"count":2,"href":"https:\/\/www.bancodesarrollo.fin.ec\/index.php\/wp-json\/wp\/v2\/pages\/8381\/revisions"}],"predecessor-version":[{"id":8384,"href":"https:\/\/www.bancodesarrollo.fin.ec\/index.php\/wp-json\/wp\/v2\/pages\/8381\/revisions\/8384"}],"wp:attachment":[{"href":"https:\/\/www.bancodesarrollo.fin.ec\/index.php\/wp-json\/wp\/v2\/media?parent=8381"}],"curies":[{"name":"wp","href":"https:\/\/api.w.org\/{rel}","templated":true}]}}