{"id":93,"date":"2018-11-25T15:00:58","date_gmt":"2018-11-25T20:00:58","guid":{"rendered":"http:\/\/192.168.231.90\/bandesarrollo\/?page_id=93"},"modified":"2018-12-17T12:10:23","modified_gmt":"2018-12-17T17:10:23","slug":"credi-microempresarial","status":"publish","type":"page","link":"https:\/\/www.bancodesarrollo.fin.ec\/index.php\/credi-microempresarial\/","title":{"rendered":"Credi Microempresarial"},"content":{"rendered":"<p>[et_pb_section fb_built=\u00bb1&#8243; _builder_version=\u00bb3.8&#8243; custom_padding=\u00bb0|0|0|0px|false|false\u00bb collapsed=\u00bboff\u00bb][et_pb_row custom_padding=\u00bb0|0px|27px|0px|false|false\u00bb _builder_version=\u00bb3.8&#8243;][et_pb_column type=\u00bb4_4&#8243; _builder_version=\u00bb3.0.47&#8243; parallax=\u00bboff\u00bb parallax_method=\u00bbon\u00bb][et_pb_image src=\u00bbhttp:\/\/192.168.231.90\/bandesarrollo\/wp-content\/uploads\/2018\/11\/microempresarial-100.jpg\u00bb _builder_version=\u00bb3.8&#8243;][\/et_pb_image][\/et_pb_column][\/et_pb_row][et_pb_row _builder_version=\u00bb3.8&#8243;][et_pb_column type=\u00bb4_4&#8243; _builder_version=\u00bb3.0.47&#8243; parallax=\u00bboff\u00bb parallax_method=\u00bbon\u00bb][et_pb_text _builder_version=\u00bb3.8&#8243; text_font=\u00bb||||||||\u00bb text_font_size=\u00bb18px\u00bb text_font_size_phone=\u00bb14px\u00bb text_font_size_last_edited=\u00bbon|desktop\u00bb header_font=\u00bbRaleway|700|||||||\u00bb header_text_color=\u00bb#0076c0&#8243; header_font_size=\u00bb45px\u00bb max_width_phone=\u00bb100%\u00bb max_width_last_edited=\u00bbon|phone\u00bb animation_style=\u00bbfade\u00bb]<\/p>\n<h1 style=\"text-align: center;\">CrediMicroempresarial<\/h1>\n<p>[\/et_pb_text][\/et_pb_column][\/et_pb_row][et_pb_row custom_padding=\u00bb27px|0px|20px|0px|false|false\u00bb _builder_version=\u00bb3.8&#8243;][et_pb_column type=\u00bb4_4&#8243; _builder_version=\u00bb3.0.47&#8243; parallax=\u00bboff\u00bb parallax_method=\u00bbon\u00bb][et_pb_text _builder_version=\u00bb3.8&#8243;]<\/p>\n<table border=\"0\">\n<tbody>\n<tr>\n<td><strong>1. &#8211; Naturaleza:<\/strong><\/p>\n<p>Es un pr\u00e9stamo orientado a financiar actividades de microempresas productivas, de comercio y de servicios en general.<\/p>\n<p>&nbsp;<\/p>\n<p><strong>2. &#8211; Cliente Meta:<\/strong><\/p>\n<p>Microempresarios organizados o miembros de grupos solidarios con un tiempo de actividad m\u00ednimo de 6 meses, cuyo giro del negocio est\u00e9 orientado a la producci\u00f3n, comercio, transformaci\u00f3n y prestaci\u00f3n de servicios, con una situaci\u00f3n financiera razonablemente estable. Emprendedores que hayan aprobado un curso de capacitaci\u00f3n en un centro de formaci\u00f3n empresarial que garantice el \u00e9xito del negocio.<\/p>\n<p>Microempresarios o familiares que demuestren su permanencia fuera del m\u00ednimo un a\u00f1o, cuyo giro del negocios este orientado a la producci\u00f3n, comercio y prestaci\u00f3n de servicios.<\/p>\n<p>J\u00f3venes para atender actividades productivas agr\u00edcolas, pecuarias, comercio, servicios incluidos agronegocios y ecoturismo.<\/p>\n<p>&nbsp;<\/p>\n<p><strong>Caracter\u00edsticas<\/strong><\/p>\n<ul>\n<li>Para cubrir necesidades urgentes o temporales de capital de trabajo<\/li>\n<\/ul>\n<ul>\n<li>Financiamiento de actividades comerciales, de servicios o industriales, puede financiar la adquisici\u00f3n de materias primas y capital de trabajo, as\u00ed como gastos directos de explotaci\u00f3n, equipos, etc.<\/li>\n<\/ul>\n<ul>\n<li>Fomento de la producci\u00f3n (agr\u00edcola, av\u00edcola, ganadera, industrial, artesanal el comercio y los servicios), en los que el cliente se obliga a invertir el importe del cr\u00e9dito en la adquisici\u00f3n, mejoras, renovaciones o sustituciones de bienes de Activo Fijo (maquinaria, equipo, ganado o animales de pie de cr\u00eda), en el desarrollo de plantaciones o cultivos perennes, etc., as\u00ed como en la construcci\u00f3n o realizaci\u00f3n de obras materiales necesarias para el desarrollo de las actividades del cliente.<\/li>\n<\/ul>\n<ul>\n<li>Pago de bienes, servicios o gastos no relacionados con una actividad productiva<\/li>\n<\/ul>\n<\/td>\n<\/tr>\n<\/tbody>\n<\/table>\n<p>[\/et_pb_text][\/et_pb_column][\/et_pb_row][et_pb_row _builder_version=\u00bb3.8&#8243;][et_pb_column type=\u00bb4_4&#8243; _builder_version=\u00bb3.0.47&#8243; parallax=\u00bboff\u00bb parallax_method=\u00bbon\u00bb][et_pb_text _builder_version=\u00bb3.8&#8243; header_font=\u00bbRaleway|700|||||||\u00bb header_text_color=\u00bb#0076c0&#8243;]<\/p>\n<h1 style=\"text-align: center;\">REQUISITOS<\/h1>\n<p>[\/et_pb_text][\/et_pb_column][\/et_pb_row][et_pb_row _builder_version=\u00bb3.8&#8243;][et_pb_column type=\u00bb1_2&#8243; _builder_version=\u00bb3.0.47&#8243; parallax=\u00bboff\u00bb parallax_method=\u00bbon\u00bb][et_pb_toggle title=\u00bbPersonales\u00bb open_toggle_text_color=\u00bb#ffffff\u00bb open_toggle_background_color=\u00bb#0076c0&#8243; closed_toggle_background_color=\u00bb#ededed\u00bb icon_color=\u00bb#0076c0&#8243; _builder_version=\u00bb3.8&#8243; title_font=\u00bbActor||||||||\u00bb title_text_align=\u00bbcenter\u00bb title_text_color=\u00bb#2d2d2d\u00bb body_font=\u00bb||||||||\u00bb body_text_align=\u00bbleft\u00bb body_text_color=\u00bb#ffffff\u00bb]<\/p>\n<ol>\n<li style=\"text-align: center;\">C\u00e9dula de identidad.<\/li>\n<li style=\"text-align: center;\">Papeleta de votaci\u00f3n.<\/li>\n<li style=\"text-align: center;\">Licencia de conducir.<\/li>\n<li style=\"text-align: center;\">6 meses de actividad comercial.<\/li>\n<\/ol>\n<p>[\/et_pb_toggle][\/et_pb_column][et_pb_column type=\u00bb1_2&#8243; _builder_version=\u00bb3.0.47&#8243; parallax=\u00bboff\u00bb parallax_method=\u00bbon\u00bb][et_pb_toggle title=\u00bbJur\u00eddicos\u00bb open_toggle_text_color=\u00bb#ffffff\u00bb open_toggle_background_color=\u00bb#0076c0&#8243; closed_toggle_background_color=\u00bb#ededed\u00bb icon_color=\u00bb#0076c0&#8243; _builder_version=\u00bb3.8&#8243; title_font=\u00bbActor||||||||\u00bb title_text_align=\u00bbcenter\u00bb title_text_color=\u00bb#2d2d2d\u00bb body_font=\u00bb||||||||\u00bb body_text_align=\u00bbleft\u00bb body_text_color=\u00bb#ffffff\u00bb]<\/p>\n<ol>\n<li style=\"text-align: center;\">C\u00e9dula de identidad.<\/li>\n<li style=\"text-align: center;\">Papeleta de votaci\u00f3n.<\/li>\n<li style=\"text-align: center;\">Licencia de conducir.<\/li>\n<li style=\"text-align: center;\">6 meses de actividad comercial.<\/li>\n<\/ol>\n<p>[\/et_pb_toggle][\/et_pb_column][\/et_pb_row][et_pb_row custom_padding=\u00bb27px|0px|44px|0px|false|false\u00bb _builder_version=\u00bb3.8&#8243;][et_pb_column type=\u00bb4_4&#8243; _builder_version=\u00bb3.0.47&#8243; parallax=\u00bboff\u00bb parallax_method=\u00bbon\u00bb][et_pb_testimonial author=\u00bbHolger\u00bb job_title=\u00bbEL Oro\u00bb company_name=\u00bb62 a\u00f1os.\u00bb portrait_url=\u00bbhttp:\/\/192.168.231.90\/bandesarrollo\/wp-content\/uploads\/2018\/11\/campesino_0.jpg\u00bb quote_icon_color=\u00bb#0076c0&#8243; quote_icon_background_color=\u00bb#ffffff\u00bb _builder_version=\u00bb3.8&#8243; body_font=\u00bb||||||||\u00bb body_text_color=\u00bb#ffffff\u00bb background_color=\u00bb#0076c0&#8243; border_radii=\u00bbon|5px|5px|5px|5px\u00bb]Gracias a este cr\u00e9dito he podido realizar todas las cosas que ten\u00eda so\u00f1ado para mi terreno, ahora produzco y me siento contento. Gracias banCODESARROLLO.<br \/>\n[\/et_pb_testimonial][\/et_pb_column][\/et_pb_row][\/et_pb_section][et_pb_section fb_built=\u00bb1&#8243; admin_label=\u00bbSection\u00bb _builder_version=\u00bb3.8&#8243; background_color=\u00bb#ededed\u00bb custom_padding=\u00bb0px||0px|\u00bb transparent_background=\u00bboff\u00bb padding_mobile=\u00bbon\u00bb global_module=\u00bb3916&#8243;][et_pb_row use_custom_gutter=\u00bbon\u00bb gutter_width=\u00bb2&#8243; custom_padding=\u00bb28px||15px||false|false\u00bb column_padding_mobile=\u00bbon\u00bb parallax_method_1=\u00bboff\u00bb parallax_method_2=\u00bboff\u00bb parallax_method_3=\u00bboff\u00bb admin_label=\u00bbRow\u00bb _builder_version=\u00bb3.0.48&#8243; background_size=\u00bbinitial\u00bb background_position=\u00bbtop_left\u00bb background_repeat=\u00bbrepeat\u00bb][et_pb_column type=\u00bb1_4&#8243; _builder_version=\u00bb3.0.47&#8243; column_padding_mobile=\u00bbon\u00bb parallax=\u00bboff\u00bb parallax_method=\u00bboff\u00bb][et_pb_text admin_label=\u00bbText\u00bb _builder_version=\u00bb3.8&#8243; text_font=\u00bbRaleway|700|||||||\u00bb text_text_color=\u00bb#666666&#8243; text_font_size=\u00bb23px\u00bb text_line_height=\u00bb1.4em\u00bb header_font=\u00bb||||||||\u00bb header_2_font=\u00bb||||||||\u00bb background_size=\u00bbinitial\u00bb background_position=\u00bbtop_left\u00bb background_repeat=\u00bbrepeat\u00bb custom_margin=\u00bb||8px|\u00bb custom_css_main_element=\u00bbfont-weight: 900;\u00bb use_border_color=\u00bboff\u00bb border_color=\u00bb#ffffff\u00bb border_style=\u00bbsolid\u00bb]<\/p>\n<p>Contacto<\/p>\n<p>[\/et_pb_text][et_pb_text admin_label=\u00bbText\u00bb _builder_version=\u00bb3.8&#8243; text_font=\u00bbActor||||||||\u00bb text_text_color=\u00bb#0076c0&#8243; text_font_size=\u00bb16&#8243; text_line_height=\u00bb1em\u00bb background_size=\u00bbinitial\u00bb background_position=\u00bbtop_left\u00bb background_repeat=\u00bbrepeat\u00bb custom_margin=\u00bb||30px|\u00bb custom_margin_tablet=\u00bb||10px|\u00bb custom_margin_last_edited=\u00bbon|tablet\u00bb custom_padding=\u00bb0px|||\u00bb use_border_color=\u00bboff\u00bb border_color=\u00bb#ffffff\u00bb border_style=\u00bbsolid\u00bb]<\/p>\n<p><strong>L\u00ednea telef\u00f3nica gratuita:<\/strong><\/p>\n<p>1800 43 43 43<\/p>\n<p><strong>Direcci\u00f3n Matriz Quito:<\/strong><\/p>\n<p>Ladr\u00f3n de Guevara E13-408 y Barcelona<\/p>\n<p>[\/et_pb_text][et_pb_social_media_follow _builder_version=\u00bb3.8&#8243;][et_pb_social_media_follow_network social_network=\u00bbfacebook\u00bb _builder_version=\u00bb3.8&#8243; background_color=\u00bb#3b5998&#8243; follow_button=\u00bboff\u00bb url_new_window=\u00bbon\u00bb]facebook[\/et_pb_social_media_follow_network][et_pb_social_media_follow_network social_network=\u00bbtwitter\u00bb _builder_version=\u00bb3.8&#8243; background_color=\u00bb#00aced\u00bb follow_button=\u00bboff\u00bb url_new_window=\u00bbon\u00bb]twitter[\/et_pb_social_media_follow_network][et_pb_social_media_follow_network social_network=\u00bbyoutube\u00bb _builder_version=\u00bb3.8&#8243; background_color=\u00bb#a82400&#8243; follow_button=\u00bboff\u00bb url_new_window=\u00bbon\u00bb]youtube[\/et_pb_social_media_follow_network][\/et_pb_social_media_follow][\/et_pb_column][et_pb_column type=\u00bb1_4&#8243; _builder_version=\u00bb3.0.47&#8243; column_padding_mobile=\u00bbon\u00bb parallax=\u00bboff\u00bb parallax_method=\u00bboff\u00bb][et_pb_text admin_label=\u00bbText\u00bb _builder_version=\u00bb3.8&#8243; text_font=\u00bbRaleway|700|||||||\u00bb text_text_color=\u00bb#666666&#8243; text_font_size=\u00bb17px\u00bb text_line_height=\u00bb1.4em\u00bb ul_font=\u00bb||||||||\u00bb header_font=\u00bb||||||||\u00bb background_size=\u00bbinitial\u00bb background_position=\u00bbtop_left\u00bb background_repeat=\u00bbrepeat\u00bb module_alignment=\u00bbleft\u00bb custom_margin=\u00bb|||\u00bb use_border_color=\u00bboff\u00bb border_color=\u00bb#ffffff\u00bb border_style=\u00bbsolid\u00bb]<\/p>\n<p>Informaci\u00f3n de inter\u00e9s<\/p>\n<p>[\/et_pb_text][et_pb_text admin_label=\u00bbText\u00bb _builder_version=\u00bb3.8&#8243; text_font=\u00bbActor||||||||\u00bb text_text_color=\u00bbrgba(0,0,0,0)\u00bb text_font_size=\u00bb15px\u00bb text_line_height=\u00bb2.2em\u00bb link_font=\u00bb||||||||\u00bb link_text_color=\u00bb#0076c0&#8243; header_font=\u00bb||||||||\u00bb background_size=\u00bbinitial\u00bb background_position=\u00bbtop_left\u00bb background_repeat=\u00bbrepeat\u00bb custom_padding=\u00bb0px|||\u00bb use_border_color=\u00bboff\u00bb border_color=\u00bb#ffffff\u00bb border_style=\u00bbsolid\u00bb]<\/p>\n<p><a href=\"http:\/\/www.bancode-educacionparalasfinanzas.com.ec\/\" target=\"_blank\" rel=\"noopener noreferrer\">Educaci\u00f3n Financiera<\/a><br \/><a href=\"https:\/\/www.bancodesarrollo.fin.ec\/index.php\/gov-corporativo\" target=\"_blank\" rel=\"noopener noreferrer\">Gobierno Corporativo<\/a><br \/><a href=\"https:\/\/www.bancodesarrollo.fin.ec\/index.php\/2013-08-22-07-41-26\" target=\"_blank\" rel=\"noopener noreferrer\">Finanzas Populares<\/a><br \/><a href=\"https:\/\/www.bancodesarrollo.fin.ec\/index.php\/2013-08-22-07-42-12\" target=\"_blank\" rel=\"noopener noreferrer\">Transparencia<\/a><br \/><span style=\"color: #000000;\"><a style=\"color: #000000;\" href=\"http:\/\/fepp.org.ec\/\" target=\"_blank\" rel=\"noopener noreferrer\">FEEP<\/a><\/span><\/p>\n<p>[\/et_pb_text][\/et_pb_column][et_pb_column type=\u00bb1_4&#8243; _builder_version=\u00bb3.0.47&#8243; column_padding_mobile=\u00bbon\u00bb parallax=\u00bboff\u00bb parallax_method=\u00bboff\u00bb][et_pb_text admin_label=\u00bbText\u00bb _builder_version=\u00bb3.8&#8243; text_font=\u00bbRaleway|700|||||||\u00bb text_text_color=\u00bb#666666&#8243; text_font_size=\u00bb17px\u00bb text_line_height=\u00bb1.4em\u00bb background_size=\u00bbinitial\u00bb background_position=\u00bbtop_left\u00bb background_repeat=\u00bbrepeat\u00bb custom_margin=\u00bb||8px|\u00bb use_border_color=\u00bboff\u00bb border_color=\u00bb#ffffff\u00bb border_style=\u00bbsolid\u00bb]<\/p>\n<p>Reclamos<\/p>\n<p>[\/et_pb_text][et_pb_text admin_label=\u00bbText\u00bb _builder_version=\u00bb3.8&#8243; text_font=\u00bbActor||||||||\u00bb text_text_color=\u00bb#0076c0&#8243; text_font_size=\u00bb15px\u00bb text_line_height=\u00bb2.2em\u00bb link_font=\u00bbActor||||||||\u00bb link_text_color=\u00bb#0076c0&#8243; quote_font=\u00bb||||||||\u00bb background_size=\u00bbinitial\u00bb background_position=\u00bbtop_left\u00bb background_repeat=\u00bbrepeat\u00bb background_layout=\u00bbdark\u00bb custom_padding=\u00bb0px|||\u00bb use_border_color=\u00bboff\u00bb border_color=\u00bb#ffffff\u00bb border_style=\u00bbsolid\u00bb]<\/p>\n<p><span style=\"color: #ffffff;\"><a style=\"color: #ffffff;\" href=\"https:\/\/www.bancodesarrollo.fin.ec\/index.php\/noticias\/14-sample-data-articles\/219-noticias-septiembre-2017\" target=\"_blank\" rel=\"noopener noreferrer\">Noticias<\/a><\/span><br \/><span style=\"color: #ffffff;\"><a style=\"color: #ffffff;\" href=\"https:\/\/www.bancodesarrollo.fin.ec\/index.php\/galeria\" target=\"_blank\" rel=\"noopener noreferrer\">Galer\u00eda<\/a><\/span><br \/><span style=\"color: #ffffff;\"><a style=\"color: #ffffff;\" href=\"#\">Finanzas Clim\u00e1ticas<\/a><\/span><br \/><span style=\"color: #ffffff;\"><a style=\"color: #ffffff;\" href=\"#\">Documentos Legales<\/a><\/span><\/p>\n<p>[\/et_pb_text][\/et_pb_column][et_pb_column type=\u00bb1_4&#8243; _builder_version=\u00bb3.0.47&#8243; column_padding_mobile=\u00bbon\u00bb parallax=\u00bboff\u00bb parallax_method=\u00bbon\u00bb][et_pb_code _builder_version=\u00bb3.8&#8243;]&lt;iframe src=&quot;https:\/\/www.google.com\/maps\/embed?pb=!1m14!1m8!1m3!1d593.085976068292!2d-78.4836533328737!3d-0.2121509853348376!3m2!1i1024!2i768!4f13.1!3m3!1m2!1s0x0%3A0x2b7783d01a950c17!2sBanco+Desarrollo!5e0!3m2!1ses-419!2sec!4v1543459227225&quot; width=&quot;250&quot; height=&quot;150&quot; frameborder=&quot;0&quot; style=&quot;border:0&quot; allowfullscreen&gt;&lt;\/iframe&gt;[\/et_pb_code][\/et_pb_column][\/et_pb_row][\/et_pb_section]<\/p>\n","protected":false},"excerpt":{"rendered":"<p>[et_pb_section fb_built=\u00bb1&#8243; _builder_version=\u00bb3.8&#8243; custom_padding=\u00bb0|0|0|0px|false|false\u00bb collapsed=\u00bboff\u00bb][et_pb_row custom_padding=\u00bb0|0px|27px|0px|false|false\u00bb _builder_version=\u00bb3.8&#8243;][et_pb_column type=\u00bb4_4&#8243; _builder_version=\u00bb3.0.47&#8243; parallax=\u00bboff\u00bb parallax_method=\u00bbon\u00bb][et_pb_image src=\u00bbhttp:\/\/192.168.231.90\/bandesarrollo\/wp-content\/uploads\/2018\/11\/microempresarial-100.jpg\u00bb _builder_version=\u00bb3.8&#8243;][\/et_pb_image][\/et_pb_column][\/et_pb_row][et_pb_row _builder_version=\u00bb3.8&#8243;][et_pb_column type=\u00bb4_4&#8243; _builder_version=\u00bb3.0.47&#8243; parallax=\u00bboff\u00bb parallax_method=\u00bbon\u00bb][et_pb_text _builder_version=\u00bb3.8&#8243; text_font=\u00bb||||||||\u00bb text_font_size=\u00bb18px\u00bb text_font_size_phone=\u00bb14px\u00bb text_font_size_last_edited=\u00bbon|desktop\u00bb header_font=\u00bbRaleway|700|||||||\u00bb header_text_color=\u00bb#0076c0&#8243; header_font_size=\u00bb45px\u00bb max_width_phone=\u00bb100%\u00bb max_width_last_edited=\u00bbon|phone\u00bb animation_style=\u00bbfade\u00bb] CrediMicroempresarial [\/et_pb_text][\/et_pb_column][\/et_pb_row][et_pb_row custom_padding=\u00bb27px|0px|20px|0px|false|false\u00bb _builder_version=\u00bb3.8&#8243;][et_pb_column type=\u00bb4_4&#8243; _builder_version=\u00bb3.0.47&#8243; parallax=\u00bboff\u00bb parallax_method=\u00bbon\u00bb][et_pb_text _builder_version=\u00bb3.8&#8243;] 1. &#8211; Naturaleza: Es un pr\u00e9stamo orientado a financiar actividades de microempresas productivas, de comercio y de [&hellip;]<\/p>\n","protected":false},"author":1,"featured_media":0,"parent":0,"menu_order":0,"comment_status":"closed","ping_status":"closed","template":"","meta":{"_et_pb_use_builder":"on","_et_pb_old_content":"","_joinchat":[],"footnotes":""},"class_list":["post-93","page","type-page","status-publish","hentry"],"yoast_head":"<!-- This site is optimized with the Yoast SEO plugin v26.6 - https:\/\/yoast.com\/wordpress\/plugins\/seo\/ -->\n<title>Credi Microempresarial - Banco Desarrollo de los Pueblos<\/title>\n<meta name=\"robots\" content=\"index, follow, max-snippet:-1, max-image-preview:large, max-video-preview:-1\" \/>\n<link rel=\"canonical\" href=\"https:\/\/www.bancodesarrollo.fin.ec\/index.php\/credi-microempresarial\/\" \/>\n<meta property=\"og:locale\" content=\"es_ES\" \/>\n<meta property=\"og:type\" content=\"article\" \/>\n<meta property=\"og:title\" content=\"Credi Microempresarial - Banco Desarrollo de los Pueblos\" \/>\n<meta property=\"og:description\" content=\"[et_pb_section fb_built=\u00bb1&#8243; _builder_version=\u00bb3.8&#8243; custom_padding=\u00bb0|0|0|0px|false|false\u00bb collapsed=\u00bboff\u00bb][et_pb_row custom_padding=\u00bb0|0px|27px|0px|false|false\u00bb _builder_version=\u00bb3.8&#8243;][et_pb_column type=\u00bb4_4&#8243; _builder_version=\u00bb3.0.47&#8243; parallax=\u00bboff\u00bb parallax_method=\u00bbon\u00bb][et_pb_image src=\u00bbhttp:\/\/192.168.231.90\/bandesarrollo\/wp-content\/uploads\/2018\/11\/microempresarial-100.jpg\u00bb _builder_version=\u00bb3.8&#8243;][\/et_pb_image][\/et_pb_column][\/et_pb_row][et_pb_row _builder_version=\u00bb3.8&#8243;][et_pb_column type=\u00bb4_4&#8243; _builder_version=\u00bb3.0.47&#8243; parallax=\u00bboff\u00bb parallax_method=\u00bbon\u00bb][et_pb_text _builder_version=\u00bb3.8&#8243; text_font=\u00bb||||||||\u00bb text_font_size=\u00bb18px\u00bb text_font_size_phone=\u00bb14px\u00bb text_font_size_last_edited=\u00bbon|desktop\u00bb header_font=\u00bbRaleway|700|||||||\u00bb header_text_color=\u00bb#0076c0&#8243; header_font_size=\u00bb45px\u00bb max_width_phone=\u00bb100%\u00bb max_width_last_edited=\u00bbon|phone\u00bb animation_style=\u00bbfade\u00bb] CrediMicroempresarial [\/et_pb_text][\/et_pb_column][\/et_pb_row][et_pb_row custom_padding=\u00bb27px|0px|20px|0px|false|false\u00bb _builder_version=\u00bb3.8&#8243;][et_pb_column type=\u00bb4_4&#8243; _builder_version=\u00bb3.0.47&#8243; parallax=\u00bboff\u00bb parallax_method=\u00bbon\u00bb][et_pb_text _builder_version=\u00bb3.8&#8243;] 1. &#8211; Naturaleza: Es un pr\u00e9stamo orientado a financiar actividades de microempresas productivas, de comercio y de [&hellip;]\" \/>\n<meta property=\"og:url\" content=\"https:\/\/www.bancodesarrollo.fin.ec\/index.php\/credi-microempresarial\/\" \/>\n<meta property=\"og:site_name\" content=\"Banco Desarrollo de los Pueblos\" \/>\n<meta property=\"article:modified_time\" content=\"2018-12-17T17:10:23+00:00\" \/>\n<meta name=\"twitter:card\" content=\"summary_large_image\" \/>\n<meta name=\"twitter:label1\" content=\"Tiempo de lectura\" \/>\n\t<meta name=\"twitter:data1\" content=\"7 minutos\" \/>\n<script type=\"application\/ld+json\" class=\"yoast-schema-graph\">{\"@context\":\"https:\/\/schema.org\",\"@graph\":[{\"@type\":\"WebPage\",\"@id\":\"https:\/\/www.bancodesarrollo.fin.ec\/index.php\/credi-microempresarial\/\",\"url\":\"https:\/\/www.bancodesarrollo.fin.ec\/index.php\/credi-microempresarial\/\",\"name\":\"Credi Microempresarial - Banco Desarrollo de los Pueblos\",\"isPartOf\":{\"@id\":\"https:\/\/www.bancodesarrollo.fin.ec\/#website\"},\"datePublished\":\"2018-11-25T20:00:58+00:00\",\"dateModified\":\"2018-12-17T17:10:23+00:00\",\"breadcrumb\":{\"@id\":\"https:\/\/www.bancodesarrollo.fin.ec\/index.php\/credi-microempresarial\/#breadcrumb\"},\"inLanguage\":\"es\",\"potentialAction\":[{\"@type\":\"ReadAction\",\"target\":[\"https:\/\/www.bancodesarrollo.fin.ec\/index.php\/credi-microempresarial\/\"]}]},{\"@type\":\"BreadcrumbList\",\"@id\":\"https:\/\/www.bancodesarrollo.fin.ec\/index.php\/credi-microempresarial\/#breadcrumb\",\"itemListElement\":[{\"@type\":\"ListItem\",\"position\":1,\"name\":\"Portada\",\"item\":\"https:\/\/www.bancodesarrollo.fin.ec\/\"},{\"@type\":\"ListItem\",\"position\":2,\"name\":\"Credi Microempresarial\"}]},{\"@type\":\"WebSite\",\"@id\":\"https:\/\/www.bancodesarrollo.fin.ec\/#website\",\"url\":\"https:\/\/www.bancodesarrollo.fin.ec\/\",\"name\":\"Banco Desarrollo de los Pueblos\",\"description\":\"CODESA\",\"potentialAction\":[{\"@type\":\"SearchAction\",\"target\":{\"@type\":\"EntryPoint\",\"urlTemplate\":\"https:\/\/www.bancodesarrollo.fin.ec\/?s={search_term_string}\"},\"query-input\":{\"@type\":\"PropertyValueSpecification\",\"valueRequired\":true,\"valueName\":\"search_term_string\"}}],\"inLanguage\":\"es\"}]}<\/script>\n<!-- \/ Yoast SEO plugin. -->","yoast_head_json":{"title":"Credi Microempresarial - Banco Desarrollo de los Pueblos","robots":{"index":"index","follow":"follow","max-snippet":"max-snippet:-1","max-image-preview":"max-image-preview:large","max-video-preview":"max-video-preview:-1"},"canonical":"https:\/\/www.bancodesarrollo.fin.ec\/index.php\/credi-microempresarial\/","og_locale":"es_ES","og_type":"article","og_title":"Credi Microempresarial - Banco Desarrollo de los Pueblos","og_description":"[et_pb_section fb_built=\u00bb1&#8243; _builder_version=\u00bb3.8&#8243; custom_padding=\u00bb0|0|0|0px|false|false\u00bb collapsed=\u00bboff\u00bb][et_pb_row custom_padding=\u00bb0|0px|27px|0px|false|false\u00bb _builder_version=\u00bb3.8&#8243;][et_pb_column type=\u00bb4_4&#8243; _builder_version=\u00bb3.0.47&#8243; parallax=\u00bboff\u00bb parallax_method=\u00bbon\u00bb][et_pb_image src=\u00bbhttp:\/\/192.168.231.90\/bandesarrollo\/wp-content\/uploads\/2018\/11\/microempresarial-100.jpg\u00bb _builder_version=\u00bb3.8&#8243;][\/et_pb_image][\/et_pb_column][\/et_pb_row][et_pb_row _builder_version=\u00bb3.8&#8243;][et_pb_column type=\u00bb4_4&#8243; _builder_version=\u00bb3.0.47&#8243; parallax=\u00bboff\u00bb parallax_method=\u00bbon\u00bb][et_pb_text _builder_version=\u00bb3.8&#8243; text_font=\u00bb||||||||\u00bb text_font_size=\u00bb18px\u00bb text_font_size_phone=\u00bb14px\u00bb text_font_size_last_edited=\u00bbon|desktop\u00bb header_font=\u00bbRaleway|700|||||||\u00bb header_text_color=\u00bb#0076c0&#8243; header_font_size=\u00bb45px\u00bb max_width_phone=\u00bb100%\u00bb max_width_last_edited=\u00bbon|phone\u00bb animation_style=\u00bbfade\u00bb] CrediMicroempresarial [\/et_pb_text][\/et_pb_column][\/et_pb_row][et_pb_row custom_padding=\u00bb27px|0px|20px|0px|false|false\u00bb _builder_version=\u00bb3.8&#8243;][et_pb_column type=\u00bb4_4&#8243; _builder_version=\u00bb3.0.47&#8243; parallax=\u00bboff\u00bb parallax_method=\u00bbon\u00bb][et_pb_text _builder_version=\u00bb3.8&#8243;] 1. &#8211; Naturaleza: Es un pr\u00e9stamo orientado a financiar actividades de microempresas productivas, de comercio y de [&hellip;]","og_url":"https:\/\/www.bancodesarrollo.fin.ec\/index.php\/credi-microempresarial\/","og_site_name":"Banco Desarrollo de los Pueblos","article_modified_time":"2018-12-17T17:10:23+00:00","twitter_card":"summary_large_image","twitter_misc":{"Tiempo de lectura":"7 minutos"},"schema":{"@context":"https:\/\/schema.org","@graph":[{"@type":"WebPage","@id":"https:\/\/www.bancodesarrollo.fin.ec\/index.php\/credi-microempresarial\/","url":"https:\/\/www.bancodesarrollo.fin.ec\/index.php\/credi-microempresarial\/","name":"Credi Microempresarial - Banco Desarrollo de los Pueblos","isPartOf":{"@id":"https:\/\/www.bancodesarrollo.fin.ec\/#website"},"datePublished":"2018-11-25T20:00:58+00:00","dateModified":"2018-12-17T17:10:23+00:00","breadcrumb":{"@id":"https:\/\/www.bancodesarrollo.fin.ec\/index.php\/credi-microempresarial\/#breadcrumb"},"inLanguage":"es","potentialAction":[{"@type":"ReadAction","target":["https:\/\/www.bancodesarrollo.fin.ec\/index.php\/credi-microempresarial\/"]}]},{"@type":"BreadcrumbList","@id":"https:\/\/www.bancodesarrollo.fin.ec\/index.php\/credi-microempresarial\/#breadcrumb","itemListElement":[{"@type":"ListItem","position":1,"name":"Portada","item":"https:\/\/www.bancodesarrollo.fin.ec\/"},{"@type":"ListItem","position":2,"name":"Credi Microempresarial"}]},{"@type":"WebSite","@id":"https:\/\/www.bancodesarrollo.fin.ec\/#website","url":"https:\/\/www.bancodesarrollo.fin.ec\/","name":"Banco Desarrollo de los Pueblos","description":"CODESA","potentialAction":[{"@type":"SearchAction","target":{"@type":"EntryPoint","urlTemplate":"https:\/\/www.bancodesarrollo.fin.ec\/?s={search_term_string}"},"query-input":{"@type":"PropertyValueSpecification","valueRequired":true,"valueName":"search_term_string"}}],"inLanguage":"es"}]}},"_links":{"self":[{"href":"https:\/\/www.bancodesarrollo.fin.ec\/index.php\/wp-json\/wp\/v2\/pages\/93","targetHints":{"allow":["GET"]}}],"collection":[{"href":"https:\/\/www.bancodesarrollo.fin.ec\/index.php\/wp-json\/wp\/v2\/pages"}],"about":[{"href":"https:\/\/www.bancodesarrollo.fin.ec\/index.php\/wp-json\/wp\/v2\/types\/page"}],"author":[{"embeddable":true,"href":"https:\/\/www.bancodesarrollo.fin.ec\/index.php\/wp-json\/wp\/v2\/users\/1"}],"replies":[{"embeddable":true,"href":"https:\/\/www.bancodesarrollo.fin.ec\/index.php\/wp-json\/wp\/v2\/comments?post=93"}],"version-history":[{"count":11,"href":"https:\/\/www.bancodesarrollo.fin.ec\/index.php\/wp-json\/wp\/v2\/pages\/93\/revisions"}],"predecessor-version":[{"id":4021,"href":"https:\/\/www.bancodesarrollo.fin.ec\/index.php\/wp-json\/wp\/v2\/pages\/93\/revisions\/4021"}],"wp:attachment":[{"href":"https:\/\/www.bancodesarrollo.fin.ec\/index.php\/wp-json\/wp\/v2\/media?parent=93"}],"curies":[{"name":"wp","href":"https:\/\/api.w.org\/{rel}","templated":true}]}}